{"id":1259,"date":"2026-02-24T11:41:19","date_gmt":"2026-02-24T10:41:19","guid":{"rendered":"https:\/\/www.immorentings.com\/?page_id=1259"},"modified":"2026-02-24T11:48:45","modified_gmt":"2026-02-24T10:48:45","slug":"quienes-somos","status":"publish","type":"page","link":"https:\/\/www.immorentings.com\/es\/quienes-somos\/","title":{"rendered":"Qui\u00e9nes somos"},"content":{"rendered":"\t\t<div data-elementor-type=\"wp-page\" data-elementor-id=\"1259\" class=\"elementor elementor-1259\" data-elementor-post-type=\"page\">\n\t\t\t\t<div class=\"elementor-element elementor-element-9550c91 e-flex e-con-boxed e-con e-parent\" data-id=\"9550c91\" data-element_type=\"container\" data-e-type=\"container\" data-settings=\"{&quot;background_background&quot;:&quot;classic&quot;}\">\n\t\t\t\t\t<div class=\"e-con-inner\">\n\t\t<div class=\"elementor-element elementor-element-84e8970 e-con-full e-flex e-con e-child\" data-id=\"84e8970\" data-element_type=\"container\" data-e-type=\"container\">\n\t\t\t\t<div class=\"elementor-element elementor-element-026da9a elementor-widget elementor-widget-gva-image-content\" data-id=\"026da9a\" data-element_type=\"widget\" data-e-type=\"widget\" data-widget_type=\"gva-image-content.default\">\n\t\t\t\t<div class=\"elementor-widget-container\">\n\t\t\t\t\t<div class=\"gva-element-gva-image-content gva-element\">\t\t\r\n\t\t\t<div class=\"about-one__single\">\r\n\t\t\t\t \t<div class=\"about-one__image\"><div class=\"image-inner\"><img decoding=\"async\" src=\"https:\/\/www.immorentings.com\/wp-content\/uploads\/2026\/02\/vols_vendre_cuadrado.webp\" title=\"\" alt=\"Casa en venta immorentings\" loading=\"lazy\" \/><\/div><\/div>\t\r\n\t\t\t\t\t<\/div>\r\n\t  \r\n\t \r\n\r\n\t \r\n\r\n\t\r\n \r\n<\/div>\t\t\t\t<\/div>\n\t\t\t\t<\/div>\n\t\t\t\t<\/div>\n\t\t<div class=\"elementor-element elementor-element-f4925e2 e-con-full e-flex e-con e-child\" data-id=\"f4925e2\" data-element_type=\"container\" data-e-type=\"container\">\n\t\t\t\t<div class=\"elementor-element elementor-element-ab8048b elementor-widget elementor-widget-gva-heading-block\" data-id=\"ab8048b\" data-element_type=\"widget\" data-e-type=\"widget\" data-widget_type=\"gva-heading-block.default\">\n\t\t\t\t<div class=\"elementor-widget-container\">\n\t\t\t\t\t<div class=\"gva-element-gva-heading-block gva-element\">\r\n   <div class=\"align-left style-1 widget gsc-heading box-align-left auto-responsive\">\r\n      \r\n      <div class=\"content-inner\">\r\n                  \r\n           \r\n         \r\n                     <h1 class=\"title\">\r\n               <span>\u00bfQui\u00e9nes somos?<\/span>\r\n            <\/h1>\r\n                  \r\n         \r\n               <\/div>\r\n\r\n   <\/div>\r\n\r\n<\/div>\t\t\t\t<\/div>\n\t\t\t\t<\/div>\n\t\t<div class=\"elementor-element elementor-element-54303bc e-con-full e-flex e-con e-child\" data-id=\"54303bc\" data-element_type=\"container\" data-e-type=\"container\">\n\t\t\t\t<div class=\"elementor-element elementor-element-b68c7bc elementor-widget elementor-widget-text-editor\" data-id=\"b68c7bc\" data-element_type=\"widget\" data-e-type=\"widget\" data-widget_type=\"text-editor.default\">\n\t\t\t\t\t\t\t\t\t<p>IMMO-RENTINGS es una empresa inmobiliaria fundada hace m\u00e1s de 20 a\u00f1os por Eva Terradas Bret, con diplomatura universitaria, habla 3 idiomas en lengua extranjera y es Agente de la Propiedad Inmobiliaria desde 2005, profesional con una s\u00f3lida trayectoria y amplia experiencia en el sector inmobiliario.<\/p><p>Desde sus inicios, IMMO-RENTINGS ha trabajado con un claro objetivo: ofrecer un servicio integral, riguroso y de confianza, adaptado a las necesidades reales de cada cliente. La experiencia acumulada durante m\u00e1s de dos d\u00e9cadas nos permite asesorar con seguridad y eficacia en todas las fases de las operaciones inmobiliarias.<\/p><p>Somos especialistas en la compra y venta de inmuebles, la administraci\u00f3n de todo tipo de fincas en alquiler, la administraci\u00f3n de comunidades y la realizaci\u00f3n de peritajes, ofreciendo siempre un trato cercano, transparente y profesional.<\/p><p>En IMMO-RENTINGS apostamos por la calidad del servicio, el conocimiento del mercado y el compromiso con nuestros clientes, convirti\u00e9ndonos en un referente de confianza para propietarios, compradores e inversores.<\/p>\t\t\t\t\t\t\t\t<\/div>\n\t\t\t\t<\/div>\n\t\t\t\t<\/div>\n\t\t\t\t\t<\/div>\n\t\t\t\t<\/div>\n\t\t\t\t<\/div>\n\t\t","protected":false},"excerpt":{"rendered":"<p>\u00bfQui\u00e9nes somos? IMMO-RENTINGS es una empresa inmobiliaria fundada hace m\u00e1s de 20 a\u00f1os por Eva Terradas Bret, con diplomatura universitaria, habla 3 idiomas en lengua extranjera y es Agente de la Propiedad Inmobiliaria desde 2005, profesional con una s\u00f3lida trayectoria y amplia experiencia en el sector inmobiliario. Desde sus inicios, IMMO-RENTINGS ha trabajado con un [&hellip;]<\/p>\n","protected":false},"author":2,"featured_media":0,"parent":0,"menu_order":0,"comment_status":"closed","ping_status":"closed","template":"","meta":{"_acf_changed":false,"footnotes":""},"class_list":["post-1259","page","type-page","status-publish","hentry"],"acf":[],"yoast_head":"<!-- This site is optimized with the Yoast SEO plugin v27.4 - https:\/\/yoast.com\/product\/yoast-seo-wordpress\/ -->\n<title>Qui\u00e9nes somos - Immorentings<\/title>\n<meta name=\"robots\" content=\"index, follow, max-snippet:-1, max-image-preview:large, max-video-preview:-1\" \/>\n<link rel=\"canonical\" href=\"https:\/\/www.immorentings.com\/es\/quienes-somos\/\" \/>\n<meta property=\"og:locale\" content=\"es_ES\" \/>\n<meta property=\"og:type\" content=\"article\" \/>\n<meta property=\"og:title\" content=\"Qui\u00e9nes somos - Immorentings\" \/>\n<meta property=\"og:description\" content=\"\u00bfQui\u00e9nes somos? IMMO-RENTINGS es una empresa inmobiliaria fundada hace m\u00e1s de 20 a\u00f1os por Eva Terradas Bret, con diplomatura universitaria, habla 3 idiomas en lengua extranjera y es Agente de la Propiedad Inmobiliaria desde 2005, profesional con una s\u00f3lida trayectoria y amplia experiencia en el sector inmobiliario. Desde sus inicios, IMMO-RENTINGS ha trabajado con un [&hellip;]\" \/>\n<meta property=\"og:url\" content=\"https:\/\/www.immorentings.com\/es\/quienes-somos\/\" \/>\n<meta property=\"og:site_name\" content=\"Immorentings\" \/>\n<meta property=\"article:modified_time\" content=\"2026-02-24T10:48:45+00:00\" \/>\n<meta property=\"og:image\" content=\"https:\/\/www.immorentings.com\/wp-content\/uploads\/2026\/02\/vols_vendre_cuadrado.webp\" \/>\n<meta name=\"twitter:card\" content=\"summary_large_image\" \/>\n<meta name=\"twitter:label1\" content=\"Tiempo de lectura\" \/>\n\t<meta name=\"twitter:data1\" content=\"1 minuto\" \/>\n<script type=\"application\/ld+json\" class=\"yoast-schema-graph\">{\"@context\":\"https:\\\/\\\/schema.org\",\"@graph\":[{\"@type\":\"WebPage\",\"@id\":\"https:\\\/\\\/www.immorentings.com\\\/es\\\/quienes-somos\\\/\",\"url\":\"https:\\\/\\\/www.immorentings.com\\\/es\\\/quienes-somos\\\/\",\"name\":\"Qui\u00e9nes somos - Immorentings\",\"isPartOf\":{\"@id\":\"https:\\\/\\\/www.immorentings.com\\\/es\\\/#website\"},\"primaryImageOfPage\":{\"@id\":\"https:\\\/\\\/www.immorentings.com\\\/es\\\/quienes-somos\\\/#primaryimage\"},\"image\":{\"@id\":\"https:\\\/\\\/www.immorentings.com\\\/es\\\/quienes-somos\\\/#primaryimage\"},\"thumbnailUrl\":\"https:\\\/\\\/www.immorentings.com\\\/wp-content\\\/uploads\\\/2026\\\/02\\\/vols_vendre_cuadrado.webp\",\"datePublished\":\"2026-02-24T10:41:19+00:00\",\"dateModified\":\"2026-02-24T10:48:45+00:00\",\"breadcrumb\":{\"@id\":\"https:\\\/\\\/www.immorentings.com\\\/es\\\/quienes-somos\\\/#breadcrumb\"},\"inLanguage\":\"es\",\"potentialAction\":[{\"@type\":\"ReadAction\",\"target\":[\"https:\\\/\\\/www.immorentings.com\\\/es\\\/quienes-somos\\\/\"]}]},{\"@type\":\"ImageObject\",\"inLanguage\":\"es\",\"@id\":\"https:\\\/\\\/www.immorentings.com\\\/es\\\/quienes-somos\\\/#primaryimage\",\"url\":\"https:\\\/\\\/www.immorentings.com\\\/wp-content\\\/uploads\\\/2026\\\/02\\\/vols_vendre_cuadrado.webp\",\"contentUrl\":\"https:\\\/\\\/www.immorentings.com\\\/wp-content\\\/uploads\\\/2026\\\/02\\\/vols_vendre_cuadrado.webp\"},{\"@type\":\"BreadcrumbList\",\"@id\":\"https:\\\/\\\/www.immorentings.com\\\/es\\\/quienes-somos\\\/#breadcrumb\",\"itemListElement\":[{\"@type\":\"ListItem\",\"position\":1,\"name\":\"Portada\",\"item\":\"https:\\\/\\\/www.immorentings.com\\\/es\\\/\"},{\"@type\":\"ListItem\",\"position\":2,\"name\":\"Qui\u00e9nes somos\"}]},{\"@type\":\"WebSite\",\"@id\":\"https:\\\/\\\/www.immorentings.com\\\/es\\\/#website\",\"url\":\"https:\\\/\\\/www.immorentings.com\\\/es\\\/\",\"name\":\"Immorentings\",\"description\":\"\",\"potentialAction\":[{\"@type\":\"SearchAction\",\"target\":{\"@type\":\"EntryPoint\",\"urlTemplate\":\"https:\\\/\\\/www.immorentings.com\\\/es\\\/?s={search_term_string}\"},\"query-input\":{\"@type\":\"PropertyValueSpecification\",\"valueRequired\":true,\"valueName\":\"search_term_string\"}}],\"inLanguage\":\"es\"}]}<\/script>\n<!-- \/ Yoast SEO plugin. -->","yoast_head_json":{"title":"Qui\u00e9nes somos - Immorentings","robots":{"index":"index","follow":"follow","max-snippet":"max-snippet:-1","max-image-preview":"max-image-preview:large","max-video-preview":"max-video-preview:-1"},"canonical":"https:\/\/www.immorentings.com\/es\/quienes-somos\/","og_locale":"es_ES","og_type":"article","og_title":"Qui\u00e9nes somos - Immorentings","og_description":"\u00bfQui\u00e9nes somos? IMMO-RENTINGS es una empresa inmobiliaria fundada hace m\u00e1s de 20 a\u00f1os por Eva Terradas Bret, con diplomatura universitaria, habla 3 idiomas en lengua extranjera y es Agente de la Propiedad Inmobiliaria desde 2005, profesional con una s\u00f3lida trayectoria y amplia experiencia en el sector inmobiliario. Desde sus inicios, IMMO-RENTINGS ha trabajado con un [&hellip;]","og_url":"https:\/\/www.immorentings.com\/es\/quienes-somos\/","og_site_name":"Immorentings","article_modified_time":"2026-02-24T10:48:45+00:00","og_image":[{"url":"https:\/\/www.immorentings.com\/wp-content\/uploads\/2026\/02\/vols_vendre_cuadrado.webp","type":"","width":"","height":""}],"twitter_card":"summary_large_image","twitter_misc":{"Tiempo de lectura":"1 minuto"},"schema":{"@context":"https:\/\/schema.org","@graph":[{"@type":"WebPage","@id":"https:\/\/www.immorentings.com\/es\/quienes-somos\/","url":"https:\/\/www.immorentings.com\/es\/quienes-somos\/","name":"Qui\u00e9nes somos - Immorentings","isPartOf":{"@id":"https:\/\/www.immorentings.com\/es\/#website"},"primaryImageOfPage":{"@id":"https:\/\/www.immorentings.com\/es\/quienes-somos\/#primaryimage"},"image":{"@id":"https:\/\/www.immorentings.com\/es\/quienes-somos\/#primaryimage"},"thumbnailUrl":"https:\/\/www.immorentings.com\/wp-content\/uploads\/2026\/02\/vols_vendre_cuadrado.webp","datePublished":"2026-02-24T10:41:19+00:00","dateModified":"2026-02-24T10:48:45+00:00","breadcrumb":{"@id":"https:\/\/www.immorentings.com\/es\/quienes-somos\/#breadcrumb"},"inLanguage":"es","potentialAction":[{"@type":"ReadAction","target":["https:\/\/www.immorentings.com\/es\/quienes-somos\/"]}]},{"@type":"ImageObject","inLanguage":"es","@id":"https:\/\/www.immorentings.com\/es\/quienes-somos\/#primaryimage","url":"https:\/\/www.immorentings.com\/wp-content\/uploads\/2026\/02\/vols_vendre_cuadrado.webp","contentUrl":"https:\/\/www.immorentings.com\/wp-content\/uploads\/2026\/02\/vols_vendre_cuadrado.webp"},{"@type":"BreadcrumbList","@id":"https:\/\/www.immorentings.com\/es\/quienes-somos\/#breadcrumb","itemListElement":[{"@type":"ListItem","position":1,"name":"Portada","item":"https:\/\/www.immorentings.com\/es\/"},{"@type":"ListItem","position":2,"name":"Qui\u00e9nes somos"}]},{"@type":"WebSite","@id":"https:\/\/www.immorentings.com\/es\/#website","url":"https:\/\/www.immorentings.com\/es\/","name":"Immorentings","description":"","potentialAction":[{"@type":"SearchAction","target":{"@type":"EntryPoint","urlTemplate":"https:\/\/www.immorentings.com\/es\/?s={search_term_string}"},"query-input":{"@type":"PropertyValueSpecification","valueRequired":true,"valueName":"search_term_string"}}],"inLanguage":"es"}]}},"_links":{"self":[{"href":"https:\/\/www.immorentings.com\/es\/wp-json\/wp\/v2\/pages\/1259","targetHints":{"allow":["GET"]}}],"collection":[{"href":"https:\/\/www.immorentings.com\/es\/wp-json\/wp\/v2\/pages"}],"about":[{"href":"https:\/\/www.immorentings.com\/es\/wp-json\/wp\/v2\/types\/page"}],"author":[{"embeddable":true,"href":"https:\/\/www.immorentings.com\/es\/wp-json\/wp\/v2\/users\/2"}],"replies":[{"embeddable":true,"href":"https:\/\/www.immorentings.com\/es\/wp-json\/wp\/v2\/comments?post=1259"}],"version-history":[{"count":4,"href":"https:\/\/www.immorentings.com\/es\/wp-json\/wp\/v2\/pages\/1259\/revisions"}],"predecessor-version":[{"id":1265,"href":"https:\/\/www.immorentings.com\/es\/wp-json\/wp\/v2\/pages\/1259\/revisions\/1265"}],"wp:attachment":[{"href":"https:\/\/www.immorentings.com\/es\/wp-json\/wp\/v2\/media?parent=1259"}],"curies":[{"name":"wp","href":"https:\/\/api.w.org\/{rel}","templated":true}]}}