{"id":680,"date":"2026-02-12T11:57:22","date_gmt":"2026-02-12T10:57:22","guid":{"rendered":"https:\/\/www.immorentings.com\/?page_id=680"},"modified":"2026-03-09T15:23:44","modified_gmt":"2026-03-09T14:23:44","slug":"plantilla-propiedades","status":"publish","type":"page","link":"https:\/\/www.immorentings.com\/es\/plantilla-propiedades\/","title":{"rendered":"Plantilla propiedades"},"content":{"rendered":"\t\t<div data-elementor-type=\"wp-page\" data-elementor-id=\"680\" class=\"elementor elementor-680\" data-elementor-post-type=\"page\">\n\t\t\t\t<div class=\"elementor-element elementor-element-a265749 e-flex e-con-boxed e-con e-parent\" data-id=\"a265749\" data-element_type=\"container\" data-e-type=\"container\">\n\t\t\t\t\t<div class=\"e-con-inner\">\n\t\t\t\t<div class=\"elementor-element elementor-element-cd76224 elementor-widget elementor-widget-shortcode\" data-id=\"cd76224\" data-element_type=\"widget\" data-e-type=\"widget\" data-widget_type=\"shortcode.default\">\n\t\t\t\t\t\t\t<div class=\"elementor-shortcode\"><div class=\"directorist-single-dummy-shortcode\">directorist_single_listings_header<\/div>\n<\/div>\n\t\t\t\t\t\t<\/div>\n\t\t\t\t\t<\/div>\n\t\t\t\t<\/div>\n\t\t<div class=\"elementor-element elementor-element-5416a33 e-flex e-con-boxed e-con e-parent\" data-id=\"5416a33\" data-element_type=\"container\" data-e-type=\"container\">\n\t\t\t\t\t<div class=\"e-con-inner\">\n\t\t<div class=\"elementor-element elementor-element-f96ce26 e-con-full e-flex e-con e-child\" data-id=\"f96ce26\" data-element_type=\"container\" data-e-type=\"container\">\n\t\t<div class=\"elementor-element elementor-element-ea1a642 e-con-full e-flex e-con e-child\" data-id=\"ea1a642\" data-element_type=\"container\" data-e-type=\"container\">\n\t\t\t\t<div class=\"elementor-element elementor-element-1ab592c property-card__header--title elementor-widget elementor-widget-heading\" data-id=\"1ab592c\" data-element_type=\"widget\" data-e-type=\"widget\" data-widget_type=\"heading.default\">\n\t\t\t\t\t<h4 class=\"elementor-heading-title elementor-size-default\">Vista general<\/h4>\t\t\t\t<\/div>\n\t\t<div class=\"elementor-element elementor-element-056653c e-con-full e-flex e-con e-child\" data-id=\"056653c\" data-element_type=\"container\" data-e-type=\"container\">\n\t\t\t\t<div class=\"elementor-element elementor-element-8d7c328 elementor-widget elementor-widget-heading\" data-id=\"8d7c328\" data-element_type=\"widget\" data-e-type=\"widget\" data-widget_type=\"heading.default\">\n\t\t\t\t\t<p class=\"elementor-heading-title elementor-size-default\">ID:<\/p>\t\t\t\t<\/div>\n\t\t\t\t<\/div>\n\t\t<div class=\"elementor-element elementor-element-9b0725f e-con-full e-flex e-con e-child\" data-id=\"9b0725f\" data-element_type=\"container\" data-e-type=\"container\">\n\t\t\t\t<div class=\"elementor-element elementor-element-38af907 elementor-widget elementor-widget-heading\" data-id=\"38af907\" data-element_type=\"widget\" data-e-type=\"widget\" data-widget_type=\"heading.default\">\n\t\t\t\t\t<p class=\"elementor-heading-title elementor-size-default\">Tipo:<\/p>\t\t\t\t<\/div>\n\t\t\t\t<\/div>\n\t\t<div class=\"elementor-element elementor-element-49e43ed e-con-full e-flex e-con e-child\" data-id=\"49e43ed\" data-element_type=\"container\" data-e-type=\"container\">\n\t\t\t\t<div class=\"elementor-element elementor-element-34eb478 elementor-widget elementor-widget-heading\" data-id=\"34eb478\" data-element_type=\"widget\" data-e-type=\"widget\" data-widget_type=\"heading.default\">\n\t\t\t\t\t<p class=\"elementor-heading-title elementor-size-default\">Contrato:<\/p>\t\t\t\t<\/div>\n\t\t\t\t<\/div>\n\t\t<div class=\"elementor-element elementor-element-9cbe088 e-con-full e-flex e-con e-child\" data-id=\"9cbe088\" data-element_type=\"container\" data-e-type=\"container\">\n\t\t\t\t<div class=\"elementor-element elementor-element-a084494 elementor-widget elementor-widget-heading\" data-id=\"a084494\" data-element_type=\"widget\" data-e-type=\"widget\" data-widget_type=\"heading.default\">\n\t\t\t\t\t<p class=\"elementor-heading-title elementor-size-default\">Poblaci\u00f3n:<\/p>\t\t\t\t<\/div>\n\t\t\t\t<\/div>\n\t\t<div class=\"elementor-element elementor-element-f67e78e e-con-full e-flex e-con e-child\" data-id=\"f67e78e\" data-element_type=\"container\" data-e-type=\"container\">\n\t\t\t\t<div class=\"elementor-element elementor-element-f6fb3fe elementor-widget elementor-widget-heading\" data-id=\"f6fb3fe\" data-element_type=\"widget\" data-e-type=\"widget\" data-widget_type=\"heading.default\">\n\t\t\t\t\t<p class=\"elementor-heading-title elementor-size-default\">Ba\u00f1os:<\/p>\t\t\t\t<\/div>\n\t\t\t\t<\/div>\n\t\t<div class=\"elementor-element elementor-element-aa81240 e-con-full e-flex e-con e-child\" data-id=\"aa81240\" data-element_type=\"container\" data-e-type=\"container\">\n\t\t\t\t<div class=\"elementor-element elementor-element-d33ebe7 elementor-widget elementor-widget-heading\" data-id=\"d33ebe7\" data-element_type=\"widget\" data-e-type=\"widget\" data-widget_type=\"heading.default\">\n\t\t\t\t\t<p class=\"elementor-heading-title elementor-size-default\">Habitaciones:<\/p>\t\t\t\t<\/div>\n\t\t\t\t<\/div>\n\t\t<div class=\"elementor-element elementor-element-e164ca6 e-con-full e-flex e-con e-child\" data-id=\"e164ca6\" data-element_type=\"container\" data-e-type=\"container\">\n\t\t\t\t<div class=\"elementor-element elementor-element-61f71ec elementor-widget elementor-widget-heading\" data-id=\"61f71ec\" data-element_type=\"widget\" data-e-type=\"widget\" data-widget_type=\"heading.default\">\n\t\t\t\t\t<p class=\"elementor-heading-title elementor-size-default\">Superf\u00edcie:<\/p>\t\t\t\t<\/div>\n\t\t\t\t<\/div>\n\t\t\t\t<\/div>\n\t\t\t\t<\/div>\n\t\t<div class=\"elementor-element elementor-element-cf4166d e-con-full e-flex e-con e-child\" data-id=\"cf4166d\" data-element_type=\"container\" data-e-type=\"container\">\n\t\t\t\t<div class=\"elementor-element elementor-element-0665e7d elementor-widget elementor-widget-shortcode\" data-id=\"0665e7d\" data-element_type=\"widget\" data-e-type=\"widget\" data-widget_type=\"shortcode.default\">\n\t\t\t\t\t\t\t<div class=\"elementor-shortcode\"><div class=\"directorist-single-dummy-shortcode\">directorist_single_listing_section label=\"Descripci\u00f3n del inmueble\" key=\"10\"<\/div><\/div>\n\t\t\t\t\t\t<\/div>\n\t\t\t\t<\/div>\n\t\t\t\t<div class=\"elementor-element elementor-element-672dc63 elementor-widget elementor-widget-html\" data-id=\"672dc63\" data-element_type=\"widget\" data-e-type=\"widget\" data-widget_type=\"html.default\">\n\t\t\t\t\t<script>\r\ndocument.addEventListener(\"DOMContentLoaded\", function() {\r\n    let boton = document.querySelector(\".directorist-btn-submit\"); let texto = boton.textContent;         let nuevoTexto = texto.replace(\"Submit now\", \"Enviar mensaje\"); boton.textContent = nuevoTexto;\r\n});\r\n<\/script>\r\n\t\t\t\t<\/div>\n\t\t\t\t\t<\/div>\n\t\t\t\t<\/div>\n\t\t\t\t<\/div>\n\t\t","protected":false},"excerpt":{"rendered":"<p>Vista general ID: Tipo: Contrato: Poblaci\u00f3n: Ba\u00f1os: Habitaciones: Superf\u00edcie:<\/p>\n","protected":false},"author":2,"featured_media":0,"parent":0,"menu_order":0,"comment_status":"closed","ping_status":"closed","template":"","meta":{"_acf_changed":false,"footnotes":""},"class_list":["post-680","page","type-page","status-publish","hentry"],"acf":[],"yoast_head":"<!-- This site is optimized with the Yoast SEO plugin v27.4 - https:\/\/yoast.com\/product\/yoast-seo-wordpress\/ -->\n<title>Plantilla propiedades - Immorentings<\/title>\n<meta name=\"robots\" content=\"index, follow, max-snippet:-1, max-image-preview:large, max-video-preview:-1\" \/>\n<link rel=\"canonical\" href=\"https:\/\/www.immorentings.com\/es\/plantilla-propiedades\/\" \/>\n<meta property=\"og:locale\" content=\"es_ES\" \/>\n<meta property=\"og:type\" content=\"article\" \/>\n<meta property=\"og:title\" content=\"Plantilla propiedades - Immorentings\" \/>\n<meta property=\"og:description\" content=\"Vista general ID: Tipo: Contrato: Poblaci\u00f3n: Ba\u00f1os: Habitaciones: Superf\u00edcie:\" \/>\n<meta property=\"og:url\" content=\"https:\/\/www.immorentings.com\/es\/plantilla-propiedades\/\" \/>\n<meta property=\"og:site_name\" content=\"Immorentings\" \/>\n<meta property=\"article:modified_time\" content=\"2026-03-09T14:23:44+00:00\" \/>\n<meta name=\"twitter:card\" content=\"summary_large_image\" \/>\n<meta name=\"twitter:label1\" content=\"Tiempo de lectura\" \/>\n\t<meta name=\"twitter:data1\" content=\"1 minuto\" \/>\n<script type=\"application\/ld+json\" class=\"yoast-schema-graph\">{\"@context\":\"https:\\\/\\\/schema.org\",\"@graph\":[{\"@type\":\"WebPage\",\"@id\":\"https:\\\/\\\/www.immorentings.com\\\/es\\\/plantilla-propiedades\\\/\",\"url\":\"https:\\\/\\\/www.immorentings.com\\\/es\\\/plantilla-propiedades\\\/\",\"name\":\"Plantilla propiedades - Immorentings\",\"isPartOf\":{\"@id\":\"https:\\\/\\\/www.immorentings.com\\\/es\\\/#website\"},\"datePublished\":\"2026-02-12T10:57:22+00:00\",\"dateModified\":\"2026-03-09T14:23:44+00:00\",\"breadcrumb\":{\"@id\":\"https:\\\/\\\/www.immorentings.com\\\/es\\\/plantilla-propiedades\\\/#breadcrumb\"},\"inLanguage\":\"es\",\"potentialAction\":[{\"@type\":\"ReadAction\",\"target\":[\"https:\\\/\\\/www.immorentings.com\\\/es\\\/plantilla-propiedades\\\/\"]}]},{\"@type\":\"BreadcrumbList\",\"@id\":\"https:\\\/\\\/www.immorentings.com\\\/es\\\/plantilla-propiedades\\\/#breadcrumb\",\"itemListElement\":[{\"@type\":\"ListItem\",\"position\":1,\"name\":\"Portada\",\"item\":\"https:\\\/\\\/www.immorentings.com\\\/es\\\/\"},{\"@type\":\"ListItem\",\"position\":2,\"name\":\"Plantilla propiedades\"}]},{\"@type\":\"WebSite\",\"@id\":\"https:\\\/\\\/www.immorentings.com\\\/es\\\/#website\",\"url\":\"https:\\\/\\\/www.immorentings.com\\\/es\\\/\",\"name\":\"Immorentings\",\"description\":\"\",\"potentialAction\":[{\"@type\":\"SearchAction\",\"target\":{\"@type\":\"EntryPoint\",\"urlTemplate\":\"https:\\\/\\\/www.immorentings.com\\\/es\\\/?s={search_term_string}\"},\"query-input\":{\"@type\":\"PropertyValueSpecification\",\"valueRequired\":true,\"valueName\":\"search_term_string\"}}],\"inLanguage\":\"es\"}]}<\/script>\n<!-- \/ Yoast SEO plugin. -->","yoast_head_json":{"title":"Plantilla propiedades - Immorentings","robots":{"index":"index","follow":"follow","max-snippet":"max-snippet:-1","max-image-preview":"max-image-preview:large","max-video-preview":"max-video-preview:-1"},"canonical":"https:\/\/www.immorentings.com\/es\/plantilla-propiedades\/","og_locale":"es_ES","og_type":"article","og_title":"Plantilla propiedades - Immorentings","og_description":"Vista general ID: Tipo: Contrato: Poblaci\u00f3n: Ba\u00f1os: Habitaciones: Superf\u00edcie:","og_url":"https:\/\/www.immorentings.com\/es\/plantilla-propiedades\/","og_site_name":"Immorentings","article_modified_time":"2026-03-09T14:23:44+00:00","twitter_card":"summary_large_image","twitter_misc":{"Tiempo de lectura":"1 minuto"},"schema":{"@context":"https:\/\/schema.org","@graph":[{"@type":"WebPage","@id":"https:\/\/www.immorentings.com\/es\/plantilla-propiedades\/","url":"https:\/\/www.immorentings.com\/es\/plantilla-propiedades\/","name":"Plantilla propiedades - Immorentings","isPartOf":{"@id":"https:\/\/www.immorentings.com\/es\/#website"},"datePublished":"2026-02-12T10:57:22+00:00","dateModified":"2026-03-09T14:23:44+00:00","breadcrumb":{"@id":"https:\/\/www.immorentings.com\/es\/plantilla-propiedades\/#breadcrumb"},"inLanguage":"es","potentialAction":[{"@type":"ReadAction","target":["https:\/\/www.immorentings.com\/es\/plantilla-propiedades\/"]}]},{"@type":"BreadcrumbList","@id":"https:\/\/www.immorentings.com\/es\/plantilla-propiedades\/#breadcrumb","itemListElement":[{"@type":"ListItem","position":1,"name":"Portada","item":"https:\/\/www.immorentings.com\/es\/"},{"@type":"ListItem","position":2,"name":"Plantilla propiedades"}]},{"@type":"WebSite","@id":"https:\/\/www.immorentings.com\/es\/#website","url":"https:\/\/www.immorentings.com\/es\/","name":"Immorentings","description":"","potentialAction":[{"@type":"SearchAction","target":{"@type":"EntryPoint","urlTemplate":"https:\/\/www.immorentings.com\/es\/?s={search_term_string}"},"query-input":{"@type":"PropertyValueSpecification","valueRequired":true,"valueName":"search_term_string"}}],"inLanguage":"es"}]}},"_links":{"self":[{"href":"https:\/\/www.immorentings.com\/es\/wp-json\/wp\/v2\/pages\/680","targetHints":{"allow":["GET"]}}],"collection":[{"href":"https:\/\/www.immorentings.com\/es\/wp-json\/wp\/v2\/pages"}],"about":[{"href":"https:\/\/www.immorentings.com\/es\/wp-json\/wp\/v2\/types\/page"}],"author":[{"embeddable":true,"href":"https:\/\/www.immorentings.com\/es\/wp-json\/wp\/v2\/users\/2"}],"replies":[{"embeddable":true,"href":"https:\/\/www.immorentings.com\/es\/wp-json\/wp\/v2\/comments?post=680"}],"version-history":[{"count":82,"href":"https:\/\/www.immorentings.com\/es\/wp-json\/wp\/v2\/pages\/680\/revisions"}],"predecessor-version":[{"id":2285,"href":"https:\/\/www.immorentings.com\/es\/wp-json\/wp\/v2\/pages\/680\/revisions\/2285"}],"wp:attachment":[{"href":"https:\/\/www.immorentings.com\/es\/wp-json\/wp\/v2\/media?parent=680"}],"curies":[{"name":"wp","href":"https:\/\/api.w.org\/{rel}","templated":true}]}}