{"id":876,"date":"2026-02-17T11:59:41","date_gmt":"2026-02-17T10:59:41","guid":{"rendered":"https:\/\/www.immorentings.com\/?page_id=876"},"modified":"2026-02-17T13:33:55","modified_gmt":"2026-02-17T12:33:55","slug":"vender-propiedad","status":"publish","type":"page","link":"https:\/\/www.immorentings.com\/es\/vender-propiedad\/","title":{"rendered":"Vender Propiedad"},"content":{"rendered":"\t\t<div data-elementor-type=\"wp-page\" data-elementor-id=\"876\" class=\"elementor elementor-876\" data-elementor-post-type=\"page\">\n\t\t\t\t<div class=\"elementor-element elementor-element-253ae6e e-flex e-con-boxed e-con e-parent\" data-id=\"253ae6e\" data-element_type=\"container\" data-e-type=\"container\" data-settings=\"{&quot;background_background&quot;:&quot;classic&quot;}\">\n\t\t\t\t\t<div class=\"e-con-inner\">\n\t\t\t\t<div class=\"elementor-element elementor-element-9f4b99a elementor-widget elementor-widget-gva-heading-block\" data-id=\"9f4b99a\" data-element_type=\"widget\" data-e-type=\"widget\" data-widget_type=\"gva-heading-block.default\">\n\t\t\t\t<div class=\"elementor-widget-container\">\n\t\t\t\t\t<div class=\"gva-element-gva-heading-block gva-element\">\r\n   <div class=\"align-center style-1 widget gsc-heading box-align-left auto-responsive\">\r\n      \r\n      <div class=\"content-inner\">\r\n                  \r\n           \r\n         \r\n                     <h1 class=\"title\">\r\n               <span>Vender una propiedad<\/span>\r\n            <\/h1>\r\n                  \r\n                     <div class=\"title-desc\">Vender una propiedad es una decisi\u00f3n importante. En immorentings te acompa\u00f1amos en todo el proceso: desde la valoraci\u00f3n inicial hasta la firma final. Analizamos el mercado, definimos la mejor estrategia de precio y comercializaci\u00f3n, y gestionamos cada detalle para que vendas con tranquilidad, seguridad y las mejores condiciones posibles. D\u00e9janos tus datos y te asesoraremos de forma personalizada.<\/div>\r\n         \r\n               <\/div>\r\n\r\n   <\/div>\r\n\r\n<\/div>\t\t\t\t<\/div>\n\t\t\t\t<\/div>\n\t\t\t\t<div class=\"elementor-element elementor-element-e0c58ac text-center elementor-widget elementor-widget-shortcode\" data-id=\"e0c58ac\" data-element_type=\"widget\" data-e-type=\"widget\" data-widget_type=\"shortcode.default\">\n\t\t\t\t\t\t\t<div class=\"elementor-shortcode\">\n<div class=\"wpcf7 no-js\" id=\"wpcf7-f930-o1\" lang=\"es-ES\" dir=\"ltr\" data-wpcf7-id=\"930\">\n<div class=\"screen-reader-response\"><p role=\"status\" aria-live=\"polite\" aria-atomic=\"true\"><\/p> <ul><\/ul><\/div>\n<form action=\"\/es\/wp-json\/wp\/v2\/pages\/876#wpcf7-f930-o1\" method=\"post\" class=\"wpcf7-form init\" aria-label=\"Formulario de contacto\" novalidate=\"novalidate\" data-status=\"init\">\n<fieldset class=\"hidden-fields-container\"><input type=\"hidden\" name=\"_wpcf7\" value=\"930\" \/><input type=\"hidden\" name=\"_wpcf7_version\" value=\"6.1.5\" \/><input type=\"hidden\" name=\"_wpcf7_locale\" value=\"es_ES\" \/><input type=\"hidden\" name=\"_wpcf7_unit_tag\" value=\"wpcf7-f930-o1\" \/><input type=\"hidden\" name=\"_wpcf7_container_post\" value=\"0\" \/><input type=\"hidden\" name=\"_wpcf7_posted_data_hash\" value=\"\" \/><input type=\"hidden\" name=\"_wpcf7_recaptcha_response\" value=\"\" \/>\n<\/fieldset>\n<div class=\"row\">\n   <div class=\"col-sm-6 col-xs-12\">\n     <span class=\"wpcf7-form-control-wrap\" data-name=\"your-name\"><input size=\"40\" maxlength=\"400\" class=\"wpcf7-form-control wpcf7-text wpcf7-validates-as-required\" aria-required=\"true\" aria-invalid=\"false\" placeholder=\"Nombre\" value=\"\" type=\"text\" name=\"your-name\" \/><\/span>\n   <\/div>\n   <div class=\"col-sm-6 col-xs-12\">\n     <span class=\"wpcf7-form-control-wrap\" data-name=\"your-phone\"><input size=\"40\" maxlength=\"400\" class=\"wpcf7-form-control wpcf7-tel wpcf7-validates-as-required wpcf7-text wpcf7-validates-as-tel\" aria-required=\"true\" aria-invalid=\"false\" placeholder=\"Tel\u00e9fono\" value=\"\" type=\"tel\" name=\"your-phone\" \/><\/span>\n   <\/div>\n<\/div>\n<div class=\"row\">\n   <div class=\"col-sm-6 col-xs-12\">\n      <span class=\"wpcf7-form-control-wrap\" data-name=\"your-email\"><input size=\"40\" maxlength=\"400\" class=\"wpcf7-form-control wpcf7-email wpcf7-validates-as-required wpcf7-text wpcf7-validates-as-email\" aria-required=\"true\" aria-invalid=\"false\" placeholder=\"Email\" value=\"\" type=\"email\" name=\"your-email\" \/><\/span>\n   <\/div>\n   <div class=\"col-sm-6 col-xs-12\">\n      <span class=\"wpcf7-form-control-wrap\" data-name=\"your-property\"><input size=\"40\" maxlength=\"400\" class=\"wpcf7-form-control wpcf7-text wpcf7-validates-as-required\" aria-required=\"true\" aria-invalid=\"false\" placeholder=\"Tipo de propiedad\" value=\"\" type=\"text\" name=\"your-property\" \/><\/span>\n   <\/div>\n<\/div>\n<div class=\"row\">\n   <div class=\"col-sm-12 col-xs-12\">\n      <span class=\"wpcf7-form-control-wrap\" data-name=\"your-message\"><textarea cols=\"40\" rows=\"10\" maxlength=\"2000\" class=\"wpcf7-form-control wpcf7-textarea wpcf7-validates-as-required\" aria-required=\"true\" aria-invalid=\"false\" placeholder=\"Expl\u00edcanos por qu\u00e9 quieres vender la propiedad y todo lo necesario que debamos saber de ella.\" name=\"your-message\"><\/textarea><\/span>\n   <\/div>\n   <div class=\"col-sm-12 col-xs-12\">\n      <span class=\"wpcf7-form-control-wrap\" data-name=\"acceptance-339\"><span class=\"wpcf7-form-control wpcf7-acceptance\"><span class=\"wpcf7-list-item\"><label><input type=\"checkbox\" name=\"acceptance-339\" value=\"1\" aria-invalid=\"false\" \/><span class=\"wpcf7-list-item-label\">He le\u00eddo y acepto la <a href=\"\/politica-de-privacidad\">pol\u00edtica de privacidad.<\/a><\/span><\/label><\/span><\/span><\/span>\n   <\/div>\n   <div class=\"col-sm-12 col-xs-12 action text-left\"><span class=\"form-action\"><input class=\"wpcf7-form-control wpcf7-submit has-spinner\" type=\"submit\" value=\"Enviar mensaje\" \/><\/span><\/div>\n<\/div><div class=\"wpcf7-response-output\" aria-hidden=\"true\"><\/div>\n<\/form>\n<\/div>\n<\/div>\n\t\t\t\t\t\t<\/div>\n\t\t\t\t\t<\/div>\n\t\t\t\t<\/div>\n\t\t\t\t<\/div>\n\t\t","protected":false},"excerpt":{"rendered":"<p>Vender una propiedad Vender una propiedad es una decisi\u00f3n importante. En immorentings te acompa\u00f1amos en todo el proceso: desde la valoraci\u00f3n inicial hasta la firma final. Analizamos el mercado, definimos la mejor estrategia de precio y comercializaci\u00f3n, y gestionamos cada detalle para que vendas con tranquilidad, seguridad y las mejores condiciones posibles. D\u00e9janos tus datos [&hellip;]<\/p>\n","protected":false},"author":2,"featured_media":0,"parent":0,"menu_order":0,"comment_status":"closed","ping_status":"closed","template":"","meta":{"_acf_changed":false,"footnotes":""},"class_list":["post-876","page","type-page","status-publish","hentry"],"acf":[],"yoast_head":"<!-- This site is optimized with the Yoast SEO plugin v27.4 - https:\/\/yoast.com\/product\/yoast-seo-wordpress\/ -->\n<title>Vender Propiedad - Immorentings<\/title>\n<meta name=\"robots\" content=\"index, follow, max-snippet:-1, max-image-preview:large, max-video-preview:-1\" \/>\n<link rel=\"canonical\" href=\"https:\/\/www.immorentings.com\/es\/vender-propiedad\/\" \/>\n<meta property=\"og:locale\" content=\"es_ES\" \/>\n<meta property=\"og:type\" content=\"article\" \/>\n<meta property=\"og:title\" content=\"Vender Propiedad - Immorentings\" \/>\n<meta property=\"og:description\" content=\"Vender una propiedad Vender una propiedad es una decisi\u00f3n importante. En immorentings te acompa\u00f1amos en todo el proceso: desde la valoraci\u00f3n inicial hasta la firma final. Analizamos el mercado, definimos la mejor estrategia de precio y comercializaci\u00f3n, y gestionamos cada detalle para que vendas con tranquilidad, seguridad y las mejores condiciones posibles. D\u00e9janos tus datos [&hellip;]\" \/>\n<meta property=\"og:url\" content=\"https:\/\/www.immorentings.com\/es\/vender-propiedad\/\" \/>\n<meta property=\"og:site_name\" content=\"Immorentings\" \/>\n<meta property=\"article:modified_time\" content=\"2026-02-17T12:33:55+00:00\" \/>\n<meta name=\"twitter:card\" content=\"summary_large_image\" \/>\n<meta name=\"twitter:label1\" content=\"Tiempo de lectura\" \/>\n\t<meta name=\"twitter:data1\" content=\"1 minuto\" \/>\n<script type=\"application\/ld+json\" class=\"yoast-schema-graph\">{\"@context\":\"https:\\\/\\\/schema.org\",\"@graph\":[{\"@type\":\"WebPage\",\"@id\":\"https:\\\/\\\/www.immorentings.com\\\/es\\\/vender-propiedad\\\/\",\"url\":\"https:\\\/\\\/www.immorentings.com\\\/es\\\/vender-propiedad\\\/\",\"name\":\"Vender Propiedad - Immorentings\",\"isPartOf\":{\"@id\":\"https:\\\/\\\/www.immorentings.com\\\/es\\\/#website\"},\"datePublished\":\"2026-02-17T10:59:41+00:00\",\"dateModified\":\"2026-02-17T12:33:55+00:00\",\"breadcrumb\":{\"@id\":\"https:\\\/\\\/www.immorentings.com\\\/es\\\/vender-propiedad\\\/#breadcrumb\"},\"inLanguage\":\"es\",\"potentialAction\":[{\"@type\":\"ReadAction\",\"target\":[\"https:\\\/\\\/www.immorentings.com\\\/es\\\/vender-propiedad\\\/\"]}]},{\"@type\":\"BreadcrumbList\",\"@id\":\"https:\\\/\\\/www.immorentings.com\\\/es\\\/vender-propiedad\\\/#breadcrumb\",\"itemListElement\":[{\"@type\":\"ListItem\",\"position\":1,\"name\":\"Portada\",\"item\":\"https:\\\/\\\/www.immorentings.com\\\/es\\\/\"},{\"@type\":\"ListItem\",\"position\":2,\"name\":\"Vender Propiedad\"}]},{\"@type\":\"WebSite\",\"@id\":\"https:\\\/\\\/www.immorentings.com\\\/es\\\/#website\",\"url\":\"https:\\\/\\\/www.immorentings.com\\\/es\\\/\",\"name\":\"Immorentings\",\"description\":\"\",\"potentialAction\":[{\"@type\":\"SearchAction\",\"target\":{\"@type\":\"EntryPoint\",\"urlTemplate\":\"https:\\\/\\\/www.immorentings.com\\\/es\\\/?s={search_term_string}\"},\"query-input\":{\"@type\":\"PropertyValueSpecification\",\"valueRequired\":true,\"valueName\":\"search_term_string\"}}],\"inLanguage\":\"es\"}]}<\/script>\n<!-- \/ Yoast SEO plugin. -->","yoast_head_json":{"title":"Vender Propiedad - Immorentings","robots":{"index":"index","follow":"follow","max-snippet":"max-snippet:-1","max-image-preview":"max-image-preview:large","max-video-preview":"max-video-preview:-1"},"canonical":"https:\/\/www.immorentings.com\/es\/vender-propiedad\/","og_locale":"es_ES","og_type":"article","og_title":"Vender Propiedad - Immorentings","og_description":"Vender una propiedad Vender una propiedad es una decisi\u00f3n importante. En immorentings te acompa\u00f1amos en todo el proceso: desde la valoraci\u00f3n inicial hasta la firma final. Analizamos el mercado, definimos la mejor estrategia de precio y comercializaci\u00f3n, y gestionamos cada detalle para que vendas con tranquilidad, seguridad y las mejores condiciones posibles. D\u00e9janos tus datos [&hellip;]","og_url":"https:\/\/www.immorentings.com\/es\/vender-propiedad\/","og_site_name":"Immorentings","article_modified_time":"2026-02-17T12:33:55+00:00","twitter_card":"summary_large_image","twitter_misc":{"Tiempo de lectura":"1 minuto"},"schema":{"@context":"https:\/\/schema.org","@graph":[{"@type":"WebPage","@id":"https:\/\/www.immorentings.com\/es\/vender-propiedad\/","url":"https:\/\/www.immorentings.com\/es\/vender-propiedad\/","name":"Vender Propiedad - Immorentings","isPartOf":{"@id":"https:\/\/www.immorentings.com\/es\/#website"},"datePublished":"2026-02-17T10:59:41+00:00","dateModified":"2026-02-17T12:33:55+00:00","breadcrumb":{"@id":"https:\/\/www.immorentings.com\/es\/vender-propiedad\/#breadcrumb"},"inLanguage":"es","potentialAction":[{"@type":"ReadAction","target":["https:\/\/www.immorentings.com\/es\/vender-propiedad\/"]}]},{"@type":"BreadcrumbList","@id":"https:\/\/www.immorentings.com\/es\/vender-propiedad\/#breadcrumb","itemListElement":[{"@type":"ListItem","position":1,"name":"Portada","item":"https:\/\/www.immorentings.com\/es\/"},{"@type":"ListItem","position":2,"name":"Vender Propiedad"}]},{"@type":"WebSite","@id":"https:\/\/www.immorentings.com\/es\/#website","url":"https:\/\/www.immorentings.com\/es\/","name":"Immorentings","description":"","potentialAction":[{"@type":"SearchAction","target":{"@type":"EntryPoint","urlTemplate":"https:\/\/www.immorentings.com\/es\/?s={search_term_string}"},"query-input":{"@type":"PropertyValueSpecification","valueRequired":true,"valueName":"search_term_string"}}],"inLanguage":"es"}]}},"_links":{"self":[{"href":"https:\/\/www.immorentings.com\/es\/wp-json\/wp\/v2\/pages\/876","targetHints":{"allow":["GET"]}}],"collection":[{"href":"https:\/\/www.immorentings.com\/es\/wp-json\/wp\/v2\/pages"}],"about":[{"href":"https:\/\/www.immorentings.com\/es\/wp-json\/wp\/v2\/types\/page"}],"author":[{"embeddable":true,"href":"https:\/\/www.immorentings.com\/es\/wp-json\/wp\/v2\/users\/2"}],"replies":[{"embeddable":true,"href":"https:\/\/www.immorentings.com\/es\/wp-json\/wp\/v2\/comments?post=876"}],"version-history":[{"count":10,"href":"https:\/\/www.immorentings.com\/es\/wp-json\/wp\/v2\/pages\/876\/revisions"}],"predecessor-version":[{"id":1106,"href":"https:\/\/www.immorentings.com\/es\/wp-json\/wp\/v2\/pages\/876\/revisions\/1106"}],"wp:attachment":[{"href":"https:\/\/www.immorentings.com\/es\/wp-json\/wp\/v2\/media?parent=876"}],"curies":[{"name":"wp","href":"https:\/\/api.w.org\/{rel}","templated":true}]}}