{"id":1799,"date":"2026-02-24T11:55:18","date_gmt":"2026-02-24T10:55:18","guid":{"rendered":"https:\/\/www.immorentings.com\/associations-de-quartier\/"},"modified":"2026-04-16T15:17:54","modified_gmt":"2026-04-16T13:17:54","slug":"associations-de-quartier","status":"publish","type":"page","link":"https:\/\/www.immorentings.com\/fr\/associations-de-quartier\/","title":{"rendered":"Associations de quartier"},"content":{"rendered":"\t\t<div data-elementor-type=\"wp-page\" data-elementor-id=\"1799\" class=\"elementor elementor-1799 elementor-1273\" data-elementor-post-type=\"page\">\n\t\t\t\t<div class=\"elementor-element elementor-element-9550c91 e-flex e-con-boxed e-con e-parent\" data-id=\"9550c91\" data-element_type=\"container\" data-e-type=\"container\" data-settings=\"{&quot;background_background&quot;:&quot;classic&quot;}\">\n\t\t\t\t\t<div class=\"e-con-inner\">\n\t\t<div class=\"elementor-element elementor-element-f4925e2 e-con-full e-flex e-con e-child\" data-id=\"f4925e2\" data-element_type=\"container\" data-e-type=\"container\">\n\t\t<div class=\"elementor-element elementor-element-54303bc e-con-full e-flex e-con e-child\" data-id=\"54303bc\" data-element_type=\"container\" data-e-type=\"container\">\n\t\t\t\t<div class=\"elementor-element elementor-element-b68c7bc elementor-widget elementor-widget-text-editor\" data-id=\"b68c7bc\" data-element_type=\"widget\" data-e-type=\"widget\" data-widget_type=\"text-editor.default\">\n\t\t\t\t\t\t\t\t\t<p>BRETSA S.C.P est une entreprise associ\u00e9e \u00e0 IMMORENTINGS, d\u00e9di\u00e9e exclusivement \u00e0 la gestion int\u00e9grale des copropri\u00e9t\u00e9s. Notre sp\u00e9cialisation nous permet d\u2019offrir un service hautement professionnel, efficace et adapt\u00e9 aux besoins sp\u00e9cifiques de chaque communaut\u00e9. <\/p><p>Nous comprenons qu\u2019une bonne gestion est essentielle pour garantir la cohabitation, le maintien appropri\u00e9 des installations et la bonne administration des ressources \u00e9conomiques. C\u2019est pourquoi nous travaillons selon des crit\u00e8res de rigueur, de transparence et de responsabilit\u00e9, en veillant toujours aux int\u00e9r\u00eats des propri\u00e9taires. <\/p><p>Nos services incluent :<\/p><ul><li>Gestion administrative int\u00e9grale : convocation et assistance aux assembl\u00e9es, r\u00e9daction des proc\u00e8s-verbaux, suivi des d\u00e9cisions et conseil juridique de base.<\/li><li>Gestion \u00e9conomique et financi\u00e8re : \u00e9laboration des budgets annuels, contr\u00f4le des d\u00e9penses, gestion des re\u00e7us, liquidations p\u00e9riodiques et transparence comptable maximale.<\/li><li>Gestion des incidents et maintenance : coordination avec les fournisseurs, suivi des r\u00e9parations et supervision des services (nettoyage, ascenseurs, installations, etc.).<br><\/li><li>Conseil personnalis\u00e9 : orientation constante aupr\u00e8s de la pr\u00e9sidence et des propri\u00e9taires pour faciliter la prise de d\u00e9cisions efficaces et conformes \u00e0 la r\u00e9glementation en vigueur.<br><\/li><\/ul>\t\t\t\t\t\t\t\t<\/div>\n\t\t\t\t<\/div>\n\t\t\t\t<\/div>\n\t\t<div class=\"elementor-element elementor-element-84e8970 e-con-full e-flex e-con e-child\" data-id=\"84e8970\" data-element_type=\"container\" data-e-type=\"container\">\n\t\t\t\t<div class=\"elementor-element elementor-element-132c1f0 elementor-widget elementor-widget-image\" data-id=\"132c1f0\" data-element_type=\"widget\" data-e-type=\"widget\" data-widget_type=\"image.default\">\n\t\t\t\t\t\t\t\t\t\t\t\t\t\t\t<img decoding=\"async\" src=\"https:\/\/www.immorentings.com\/wp-content\/uploads\/2026\/04\/ae594a60-7b76-40c9-a15f-dc76d1d4db61.png\" class=\"attachment-full size-full wp-image-2813\" alt=\"Logo Comunidades\" \/>\t\t\t\t\t\t\t\t\t\t\t\t\t\t\t<\/div>\n\t\t\t\t<\/div>\n\t\t\t\t\t<\/div>\n\t\t\t\t<\/div>\n\t\t<div class=\"elementor-element elementor-element-c2f40e1 e-flex e-con-boxed e-con e-parent\" data-id=\"c2f40e1\" data-element_type=\"container\" data-e-type=\"container\" data-settings=\"{&quot;background_background&quot;:&quot;classic&quot;}\">\n\t\t\t\t\t<div class=\"e-con-inner\">\n\t\t\t\t<div class=\"elementor-element elementor-element-d066c25 elementor-widget elementor-widget-text-editor\" data-id=\"d066c25\" data-element_type=\"widget\" data-e-type=\"widget\" data-widget_type=\"text-editor.default\">\n\t\t\t\t\t\t\t\t\t<p>Notre engagement<\/p><p>Chez BRETSA S.C.P, nous croyons en la proximit\u00e9 et en la communication permanente pour la gestion des communaut\u00e9s. Nous privil\u00e9gions une attention directe, r\u00e9active et rapide, car nous savons que la tranquillit\u00e9 d\u2019une communaut\u00e9 d\u00e9pend d\u2019une gestion claire et efficace.<\/p><p>Notre relation directe avec IMMORENTINGS nous permet de renforcer notre service avec une structure solide et des ressources professionnelles qui apportent une valeur ajout\u00e9e, de l\u2019exp\u00e9rience et de la s\u00e9curit\u00e9.<\/p>\t\t\t\t\t\t\t\t<\/div>\n\t\t\t\t\t<\/div>\n\t\t\t\t<\/div>\n\t\t\t\t<\/div>\n\t\t","protected":false},"excerpt":{"rendered":"<p>BRETSA S.C.P est une entreprise associ\u00e9e \u00e0 IMMORENTINGS, d\u00e9di\u00e9e exclusivement \u00e0 la gestion int\u00e9grale des copropri\u00e9t\u00e9s. Notre sp\u00e9cialisation nous permet d\u2019offrir un service hautement professionnel, efficace et adapt\u00e9 aux besoins sp\u00e9cifiques de chaque communaut\u00e9. Nous comprenons qu\u2019une bonne gestion est essentielle pour garantir la cohabitation, le maintien appropri\u00e9 des installations et la bonne administration des [&hellip;]<\/p>\n","protected":false},"author":2,"featured_media":0,"parent":0,"menu_order":0,"comment_status":"closed","ping_status":"closed","template":"","meta":{"_acf_changed":false,"footnotes":""},"class_list":["post-1799","page","type-page","status-publish","hentry"],"acf":[],"yoast_head":"<!-- This site is optimized with the Yoast SEO plugin v27.4 - https:\/\/yoast.com\/product\/yoast-seo-wordpress\/ -->\n<title>Associations de quartier - Immorentings<\/title>\n<meta name=\"robots\" content=\"index, follow, max-snippet:-1, max-image-preview:large, max-video-preview:-1\" \/>\n<link rel=\"canonical\" href=\"https:\/\/www.immorentings.com\/fr\/associations-de-quartier\/\" \/>\n<meta property=\"og:locale\" content=\"fr_FR\" \/>\n<meta property=\"og:type\" content=\"article\" \/>\n<meta property=\"og:title\" content=\"Associations de quartier - Immorentings\" \/>\n<meta property=\"og:description\" content=\"BRETSA S.C.P est une entreprise associ\u00e9e \u00e0 IMMORENTINGS, d\u00e9di\u00e9e exclusivement \u00e0 la gestion int\u00e9grale des copropri\u00e9t\u00e9s. Notre sp\u00e9cialisation nous permet d\u2019offrir un service hautement professionnel, efficace et adapt\u00e9 aux besoins sp\u00e9cifiques de chaque communaut\u00e9. Nous comprenons qu\u2019une bonne gestion est essentielle pour garantir la cohabitation, le maintien appropri\u00e9 des installations et la bonne administration des [&hellip;]\" \/>\n<meta property=\"og:url\" content=\"https:\/\/www.immorentings.com\/fr\/associations-de-quartier\/\" \/>\n<meta property=\"og:site_name\" content=\"Immorentings\" \/>\n<meta property=\"article:modified_time\" content=\"2026-04-16T13:17:54+00:00\" \/>\n<meta property=\"og:image\" content=\"https:\/\/www.immorentings.com\/wp-content\/uploads\/2026\/04\/ae594a60-7b76-40c9-a15f-dc76d1d4db61.png\" \/>\n\t<meta property=\"og:image:width\" content=\"345\" \/>\n\t<meta property=\"og:image:height\" content=\"200\" \/>\n\t<meta property=\"og:image:type\" content=\"image\/png\" \/>\n<meta name=\"twitter:card\" content=\"summary_large_image\" \/>\n<meta name=\"twitter:label1\" content=\"Dur\u00e9e de lecture estim\u00e9e\" \/>\n\t<meta name=\"twitter:data1\" content=\"1 minute\" \/>\n<script type=\"application\/ld+json\" class=\"yoast-schema-graph\">{\"@context\":\"https:\\\/\\\/schema.org\",\"@graph\":[{\"@type\":\"WebPage\",\"@id\":\"https:\\\/\\\/www.immorentings.com\\\/fr\\\/associations-de-quartier\\\/\",\"url\":\"https:\\\/\\\/www.immorentings.com\\\/fr\\\/associations-de-quartier\\\/\",\"name\":\"Associations de quartier - Immorentings\",\"isPartOf\":{\"@id\":\"https:\\\/\\\/www.immorentings.com\\\/fr\\\/#website\"},\"primaryImageOfPage\":{\"@id\":\"https:\\\/\\\/www.immorentings.com\\\/fr\\\/associations-de-quartier\\\/#primaryimage\"},\"image\":{\"@id\":\"https:\\\/\\\/www.immorentings.com\\\/fr\\\/associations-de-quartier\\\/#primaryimage\"},\"thumbnailUrl\":\"https:\\\/\\\/www.immorentings.com\\\/wp-content\\\/uploads\\\/2026\\\/04\\\/ae594a60-7b76-40c9-a15f-dc76d1d4db61.png\",\"datePublished\":\"2026-02-24T10:55:18+00:00\",\"dateModified\":\"2026-04-16T13:17:54+00:00\",\"breadcrumb\":{\"@id\":\"https:\\\/\\\/www.immorentings.com\\\/fr\\\/associations-de-quartier\\\/#breadcrumb\"},\"inLanguage\":\"fr-FR\",\"potentialAction\":[{\"@type\":\"ReadAction\",\"target\":[\"https:\\\/\\\/www.immorentings.com\\\/fr\\\/associations-de-quartier\\\/\"]}]},{\"@type\":\"ImageObject\",\"inLanguage\":\"fr-FR\",\"@id\":\"https:\\\/\\\/www.immorentings.com\\\/fr\\\/associations-de-quartier\\\/#primaryimage\",\"url\":\"https:\\\/\\\/www.immorentings.com\\\/wp-content\\\/uploads\\\/2026\\\/04\\\/ae594a60-7b76-40c9-a15f-dc76d1d4db61.png\",\"contentUrl\":\"https:\\\/\\\/www.immorentings.com\\\/wp-content\\\/uploads\\\/2026\\\/04\\\/ae594a60-7b76-40c9-a15f-dc76d1d4db61.png\"},{\"@type\":\"BreadcrumbList\",\"@id\":\"https:\\\/\\\/www.immorentings.com\\\/fr\\\/associations-de-quartier\\\/#breadcrumb\",\"itemListElement\":[{\"@type\":\"ListItem\",\"position\":1,\"name\":\"Portada\",\"item\":\"https:\\\/\\\/www.immorentings.com\\\/fr\\\/page-daccueil\\\/\"},{\"@type\":\"ListItem\",\"position\":2,\"name\":\"Associations de quartier\"}]},{\"@type\":\"WebSite\",\"@id\":\"https:\\\/\\\/www.immorentings.com\\\/fr\\\/#website\",\"url\":\"https:\\\/\\\/www.immorentings.com\\\/fr\\\/\",\"name\":\"Immorentings\",\"description\":\"\",\"potentialAction\":[{\"@type\":\"SearchAction\",\"target\":{\"@type\":\"EntryPoint\",\"urlTemplate\":\"https:\\\/\\\/www.immorentings.com\\\/fr\\\/?s={search_term_string}\"},\"query-input\":{\"@type\":\"PropertyValueSpecification\",\"valueRequired\":true,\"valueName\":\"search_term_string\"}}],\"inLanguage\":\"fr-FR\"}]}<\/script>\n<!-- \/ Yoast SEO plugin. -->","yoast_head_json":{"title":"Associations de quartier - Immorentings","robots":{"index":"index","follow":"follow","max-snippet":"max-snippet:-1","max-image-preview":"max-image-preview:large","max-video-preview":"max-video-preview:-1"},"canonical":"https:\/\/www.immorentings.com\/fr\/associations-de-quartier\/","og_locale":"fr_FR","og_type":"article","og_title":"Associations de quartier - Immorentings","og_description":"BRETSA S.C.P est une entreprise associ\u00e9e \u00e0 IMMORENTINGS, d\u00e9di\u00e9e exclusivement \u00e0 la gestion int\u00e9grale des copropri\u00e9t\u00e9s. Notre sp\u00e9cialisation nous permet d\u2019offrir un service hautement professionnel, efficace et adapt\u00e9 aux besoins sp\u00e9cifiques de chaque communaut\u00e9. Nous comprenons qu\u2019une bonne gestion est essentielle pour garantir la cohabitation, le maintien appropri\u00e9 des installations et la bonne administration des [&hellip;]","og_url":"https:\/\/www.immorentings.com\/fr\/associations-de-quartier\/","og_site_name":"Immorentings","article_modified_time":"2026-04-16T13:17:54+00:00","og_image":[{"width":345,"height":200,"url":"https:\/\/www.immorentings.com\/wp-content\/uploads\/2026\/04\/ae594a60-7b76-40c9-a15f-dc76d1d4db61.png","type":"image\/png"}],"twitter_card":"summary_large_image","twitter_misc":{"Dur\u00e9e de lecture estim\u00e9e":"1 minute"},"schema":{"@context":"https:\/\/schema.org","@graph":[{"@type":"WebPage","@id":"https:\/\/www.immorentings.com\/fr\/associations-de-quartier\/","url":"https:\/\/www.immorentings.com\/fr\/associations-de-quartier\/","name":"Associations de quartier - Immorentings","isPartOf":{"@id":"https:\/\/www.immorentings.com\/fr\/#website"},"primaryImageOfPage":{"@id":"https:\/\/www.immorentings.com\/fr\/associations-de-quartier\/#primaryimage"},"image":{"@id":"https:\/\/www.immorentings.com\/fr\/associations-de-quartier\/#primaryimage"},"thumbnailUrl":"https:\/\/www.immorentings.com\/wp-content\/uploads\/2026\/04\/ae594a60-7b76-40c9-a15f-dc76d1d4db61.png","datePublished":"2026-02-24T10:55:18+00:00","dateModified":"2026-04-16T13:17:54+00:00","breadcrumb":{"@id":"https:\/\/www.immorentings.com\/fr\/associations-de-quartier\/#breadcrumb"},"inLanguage":"fr-FR","potentialAction":[{"@type":"ReadAction","target":["https:\/\/www.immorentings.com\/fr\/associations-de-quartier\/"]}]},{"@type":"ImageObject","inLanguage":"fr-FR","@id":"https:\/\/www.immorentings.com\/fr\/associations-de-quartier\/#primaryimage","url":"https:\/\/www.immorentings.com\/wp-content\/uploads\/2026\/04\/ae594a60-7b76-40c9-a15f-dc76d1d4db61.png","contentUrl":"https:\/\/www.immorentings.com\/wp-content\/uploads\/2026\/04\/ae594a60-7b76-40c9-a15f-dc76d1d4db61.png"},{"@type":"BreadcrumbList","@id":"https:\/\/www.immorentings.com\/fr\/associations-de-quartier\/#breadcrumb","itemListElement":[{"@type":"ListItem","position":1,"name":"Portada","item":"https:\/\/www.immorentings.com\/fr\/page-daccueil\/"},{"@type":"ListItem","position":2,"name":"Associations de quartier"}]},{"@type":"WebSite","@id":"https:\/\/www.immorentings.com\/fr\/#website","url":"https:\/\/www.immorentings.com\/fr\/","name":"Immorentings","description":"","potentialAction":[{"@type":"SearchAction","target":{"@type":"EntryPoint","urlTemplate":"https:\/\/www.immorentings.com\/fr\/?s={search_term_string}"},"query-input":{"@type":"PropertyValueSpecification","valueRequired":true,"valueName":"search_term_string"}}],"inLanguage":"fr-FR"}]}},"_links":{"self":[{"href":"https:\/\/www.immorentings.com\/fr\/wp-json\/wp\/v2\/pages\/1799","targetHints":{"allow":["GET"]}}],"collection":[{"href":"https:\/\/www.immorentings.com\/fr\/wp-json\/wp\/v2\/pages"}],"about":[{"href":"https:\/\/www.immorentings.com\/fr\/wp-json\/wp\/v2\/types\/page"}],"author":[{"embeddable":true,"href":"https:\/\/www.immorentings.com\/fr\/wp-json\/wp\/v2\/users\/2"}],"replies":[{"embeddable":true,"href":"https:\/\/www.immorentings.com\/fr\/wp-json\/wp\/v2\/comments?post=1799"}],"version-history":[{"count":2,"href":"https:\/\/www.immorentings.com\/fr\/wp-json\/wp\/v2\/pages\/1799\/revisions"}],"predecessor-version":[{"id":2814,"href":"https:\/\/www.immorentings.com\/fr\/wp-json\/wp\/v2\/pages\/1799\/revisions\/2814"}],"wp:attachment":[{"href":"https:\/\/www.immorentings.com\/fr\/wp-json\/wp\/v2\/media?parent=1799"}],"curies":[{"name":"wp","href":"https:\/\/api.w.org\/{rel}","templated":true}]}}