{"id":1801,"date":"2026-02-24T11:41:19","date_gmt":"2026-02-24T10:41:19","guid":{"rendered":"https:\/\/www.immorentings.com\/qui-sommes-nous\/"},"modified":"2026-03-05T14:38:09","modified_gmt":"2026-03-05T13:38:09","slug":"qui-sommes-nous","status":"publish","type":"page","link":"https:\/\/www.immorentings.com\/fr\/qui-sommes-nous\/","title":{"rendered":"Qui sommes-nous"},"content":{"rendered":"\t\t<div data-elementor-type=\"wp-page\" data-elementor-id=\"1801\" class=\"elementor elementor-1801 elementor-1259\" data-elementor-post-type=\"page\">\n\t\t\t\t<div class=\"elementor-element elementor-element-9550c91 e-flex e-con-boxed e-con e-parent\" data-id=\"9550c91\" data-element_type=\"container\" data-e-type=\"container\" data-settings=\"{&quot;background_background&quot;:&quot;classic&quot;}\">\n\t\t\t\t\t<div class=\"e-con-inner\">\n\t\t<div class=\"elementor-element elementor-element-84e8970 e-con-full e-flex e-con e-child\" data-id=\"84e8970\" data-element_type=\"container\" data-e-type=\"container\">\n\t\t\t\t<div class=\"elementor-element elementor-element-026da9a elementor-widget elementor-widget-gva-image-content\" data-id=\"026da9a\" data-element_type=\"widget\" data-e-type=\"widget\" data-widget_type=\"gva-image-content.default\">\n\t\t\t\t<div class=\"elementor-widget-container\">\n\t\t\t\t\t<div class=\"gva-element-gva-image-content gva-element\">\t\t\r\n\t\t\t<div class=\"about-one__single\">\r\n\t\t\t\t \t<div class=\"about-one__image\"><div class=\"image-inner\"><img decoding=\"async\" src=\"https:\/\/www.immorentings.com\/wp-content\/uploads\/2026\/02\/vols_vendre_cuadrado.webp\" title=\"\" alt=\"Casa en venta immorentings\" loading=\"lazy\" \/><\/div><\/div>\t\r\n\t\t\t\t\t<\/div>\r\n\t  \r\n\t \r\n\r\n\t \r\n\r\n\t\r\n \r\n<\/div>\t\t\t\t<\/div>\n\t\t\t\t<\/div>\n\t\t\t\t<\/div>\n\t\t<div class=\"elementor-element elementor-element-f4925e2 e-con-full e-flex e-con e-child\" data-id=\"f4925e2\" data-element_type=\"container\" data-e-type=\"container\">\n\t\t\t\t<div class=\"elementor-element elementor-element-ab8048b elementor-widget elementor-widget-gva-heading-block\" data-id=\"ab8048b\" data-element_type=\"widget\" data-e-type=\"widget\" data-widget_type=\"gva-heading-block.default\">\n\t\t\t\t<div class=\"elementor-widget-container\">\n\t\t\t\t\t<div class=\"gva-element-gva-heading-block gva-element\">\r\n   <div class=\"align-left style-1 widget gsc-heading box-align-left auto-responsive\">\r\n      \r\n      <div class=\"content-inner\">\r\n                  \r\n           \r\n         \r\n                     <h1 class=\"title\">\r\n               <span>Qui sommes-nous ?<\/span>\r\n            <\/h1>\r\n                  \r\n         \r\n               <\/div>\r\n\r\n   <\/div>\r\n\r\n<\/div>\t\t\t\t<\/div>\n\t\t\t\t<\/div>\n\t\t<div class=\"elementor-element elementor-element-54303bc e-con-full e-flex e-con e-child\" data-id=\"54303bc\" data-element_type=\"container\" data-e-type=\"container\">\n\t\t\t\t<div class=\"elementor-element elementor-element-b68c7bc elementor-widget elementor-widget-text-editor\" data-id=\"b68c7bc\" data-element_type=\"widget\" data-e-type=\"widget\" data-widget_type=\"text-editor.default\">\n\t\t\t\t\t\t\t\t\t<p>IMMO-RENTINGS est une entreprise immobili\u00e8re fond\u00e9e il y a plus de 20 ans par Eva Terradas Bret, titulaire d&#8217;un dipl\u00f4me universitaire, parlant 3 langues \u00e9trang\u00e8res et agent immobilier depuis 2005, professionnelle avec une solide carri\u00e8re et une vaste exp\u00e9rience dans le secteur immobilier.<\/p><p>Depuis ses d\u00e9buts, IMMO-RENTINGS travaille avec un objectif clair : offrir un service complet, rigoureux et fiable, adapt\u00e9 aux besoins r\u00e9els de chaque client. L&#8217;exp\u00e9rience accumul\u00e9e au cours de plus de deux d\u00e9cennies nous permet de conseiller avec s\u00e9curit\u00e9 et efficacit\u00e9 \u00e0 toutes les \u00e9tapes des op\u00e9rations immobili\u00e8res. <\/p><p>Nous sommes sp\u00e9cialis\u00e9s dans l&#8217;achat et la vente de biens immobiliers, l&#8217;administration de tout type de biens en location, la gestion de copropri\u00e9t\u00e9s et la r\u00e9alisation d&#8217;expertises, en offrant toujours un traitement proche, transparent et professionnel.<\/p><p>Chez IMMO-RENTINGS, nous misons sur la qualit\u00e9 du service, la connaissance du march\u00e9 et l&#8217;engagement envers nos clients, en devenant une r\u00e9f\u00e9rence de confiance pour les propri\u00e9taires, acheteurs et investisseurs.<\/p>\t\t\t\t\t\t\t\t<\/div>\n\t\t\t\t<\/div>\n\t\t\t\t<\/div>\n\t\t\t\t\t<\/div>\n\t\t\t\t<\/div>\n\t\t\t\t<\/div>\n\t\t","protected":false},"excerpt":{"rendered":"<p>Qui sommes-nous ? IMMO-RENTINGS est une entreprise immobili\u00e8re fond\u00e9e il y a plus de 20 ans par Eva Terradas Bret, titulaire d&#8217;un dipl\u00f4me universitaire, parlant 3 langues \u00e9trang\u00e8res et agent immobilier depuis 2005, professionnelle avec une solide carri\u00e8re et une vaste exp\u00e9rience dans le secteur immobilier. Depuis ses d\u00e9buts, IMMO-RENTINGS travaille avec un objectif clair [&hellip;]<\/p>\n","protected":false},"author":2,"featured_media":0,"parent":0,"menu_order":0,"comment_status":"closed","ping_status":"closed","template":"","meta":{"_acf_changed":false,"footnotes":""},"class_list":["post-1801","page","type-page","status-publish","hentry"],"acf":[],"yoast_head":"<!-- This site is optimized with the Yoast SEO plugin v27.4 - https:\/\/yoast.com\/product\/yoast-seo-wordpress\/ -->\n<title>Qui sommes-nous - Immorentings<\/title>\n<meta name=\"robots\" content=\"index, follow, max-snippet:-1, max-image-preview:large, max-video-preview:-1\" \/>\n<link rel=\"canonical\" href=\"https:\/\/www.immorentings.com\/fr\/qui-sommes-nous\/\" \/>\n<meta property=\"og:locale\" content=\"fr_FR\" \/>\n<meta property=\"og:type\" content=\"article\" \/>\n<meta property=\"og:title\" content=\"Qui sommes-nous - Immorentings\" \/>\n<meta property=\"og:description\" content=\"Qui sommes-nous ? IMMO-RENTINGS est une entreprise immobili\u00e8re fond\u00e9e il y a plus de 20 ans par Eva Terradas Bret, titulaire d&#8217;un dipl\u00f4me universitaire, parlant 3 langues \u00e9trang\u00e8res et agent immobilier depuis 2005, professionnelle avec une solide carri\u00e8re et une vaste exp\u00e9rience dans le secteur immobilier. Depuis ses d\u00e9buts, IMMO-RENTINGS travaille avec un objectif clair [&hellip;]\" \/>\n<meta property=\"og:url\" content=\"https:\/\/www.immorentings.com\/fr\/qui-sommes-nous\/\" \/>\n<meta property=\"og:site_name\" content=\"Immorentings\" \/>\n<meta property=\"article:modified_time\" content=\"2026-03-05T13:38:09+00:00\" \/>\n<meta name=\"twitter:card\" content=\"summary_large_image\" \/>\n<meta name=\"twitter:label1\" content=\"Dur\u00e9e de lecture estim\u00e9e\" \/>\n\t<meta name=\"twitter:data1\" content=\"1 minute\" \/>\n<script type=\"application\/ld+json\" class=\"yoast-schema-graph\">{\"@context\":\"https:\\\/\\\/schema.org\",\"@graph\":[{\"@type\":\"WebPage\",\"@id\":\"https:\\\/\\\/www.immorentings.com\\\/fr\\\/qui-sommes-nous\\\/\",\"url\":\"https:\\\/\\\/www.immorentings.com\\\/fr\\\/qui-sommes-nous\\\/\",\"name\":\"Qui sommes-nous - Immorentings\",\"isPartOf\":{\"@id\":\"https:\\\/\\\/www.immorentings.com\\\/fr\\\/#website\"},\"primaryImageOfPage\":{\"@id\":\"https:\\\/\\\/www.immorentings.com\\\/fr\\\/qui-sommes-nous\\\/#primaryimage\"},\"image\":{\"@id\":\"https:\\\/\\\/www.immorentings.com\\\/fr\\\/qui-sommes-nous\\\/#primaryimage\"},\"thumbnailUrl\":\"https:\\\/\\\/www.immorentings.com\\\/wp-content\\\/uploads\\\/2026\\\/02\\\/vols_vendre_cuadrado.webp\",\"datePublished\":\"2026-02-24T10:41:19+00:00\",\"dateModified\":\"2026-03-05T13:38:09+00:00\",\"breadcrumb\":{\"@id\":\"https:\\\/\\\/www.immorentings.com\\\/fr\\\/qui-sommes-nous\\\/#breadcrumb\"},\"inLanguage\":\"fr-FR\",\"potentialAction\":[{\"@type\":\"ReadAction\",\"target\":[\"https:\\\/\\\/www.immorentings.com\\\/fr\\\/qui-sommes-nous\\\/\"]}]},{\"@type\":\"ImageObject\",\"inLanguage\":\"fr-FR\",\"@id\":\"https:\\\/\\\/www.immorentings.com\\\/fr\\\/qui-sommes-nous\\\/#primaryimage\",\"url\":\"https:\\\/\\\/www.immorentings.com\\\/wp-content\\\/uploads\\\/2026\\\/02\\\/vols_vendre_cuadrado.webp\",\"contentUrl\":\"https:\\\/\\\/www.immorentings.com\\\/wp-content\\\/uploads\\\/2026\\\/02\\\/vols_vendre_cuadrado.webp\"},{\"@type\":\"BreadcrumbList\",\"@id\":\"https:\\\/\\\/www.immorentings.com\\\/fr\\\/qui-sommes-nous\\\/#breadcrumb\",\"itemListElement\":[{\"@type\":\"ListItem\",\"position\":1,\"name\":\"Portada\",\"item\":\"https:\\\/\\\/www.immorentings.com\\\/fr\\\/page-daccueil\\\/\"},{\"@type\":\"ListItem\",\"position\":2,\"name\":\"Qui sommes-nous\"}]},{\"@type\":\"WebSite\",\"@id\":\"https:\\\/\\\/www.immorentings.com\\\/fr\\\/#website\",\"url\":\"https:\\\/\\\/www.immorentings.com\\\/fr\\\/\",\"name\":\"Immorentings\",\"description\":\"\",\"potentialAction\":[{\"@type\":\"SearchAction\",\"target\":{\"@type\":\"EntryPoint\",\"urlTemplate\":\"https:\\\/\\\/www.immorentings.com\\\/fr\\\/?s={search_term_string}\"},\"query-input\":{\"@type\":\"PropertyValueSpecification\",\"valueRequired\":true,\"valueName\":\"search_term_string\"}}],\"inLanguage\":\"fr-FR\"}]}<\/script>\n<!-- \/ Yoast SEO plugin. -->","yoast_head_json":{"title":"Qui sommes-nous - Immorentings","robots":{"index":"index","follow":"follow","max-snippet":"max-snippet:-1","max-image-preview":"max-image-preview:large","max-video-preview":"max-video-preview:-1"},"canonical":"https:\/\/www.immorentings.com\/fr\/qui-sommes-nous\/","og_locale":"fr_FR","og_type":"article","og_title":"Qui sommes-nous - Immorentings","og_description":"Qui sommes-nous ? IMMO-RENTINGS est une entreprise immobili\u00e8re fond\u00e9e il y a plus de 20 ans par Eva Terradas Bret, titulaire d&#8217;un dipl\u00f4me universitaire, parlant 3 langues \u00e9trang\u00e8res et agent immobilier depuis 2005, professionnelle avec une solide carri\u00e8re et une vaste exp\u00e9rience dans le secteur immobilier. Depuis ses d\u00e9buts, IMMO-RENTINGS travaille avec un objectif clair [&hellip;]","og_url":"https:\/\/www.immorentings.com\/fr\/qui-sommes-nous\/","og_site_name":"Immorentings","article_modified_time":"2026-03-05T13:38:09+00:00","twitter_card":"summary_large_image","twitter_misc":{"Dur\u00e9e de lecture estim\u00e9e":"1 minute"},"schema":{"@context":"https:\/\/schema.org","@graph":[{"@type":"WebPage","@id":"https:\/\/www.immorentings.com\/fr\/qui-sommes-nous\/","url":"https:\/\/www.immorentings.com\/fr\/qui-sommes-nous\/","name":"Qui sommes-nous - Immorentings","isPartOf":{"@id":"https:\/\/www.immorentings.com\/fr\/#website"},"primaryImageOfPage":{"@id":"https:\/\/www.immorentings.com\/fr\/qui-sommes-nous\/#primaryimage"},"image":{"@id":"https:\/\/www.immorentings.com\/fr\/qui-sommes-nous\/#primaryimage"},"thumbnailUrl":"https:\/\/www.immorentings.com\/wp-content\/uploads\/2026\/02\/vols_vendre_cuadrado.webp","datePublished":"2026-02-24T10:41:19+00:00","dateModified":"2026-03-05T13:38:09+00:00","breadcrumb":{"@id":"https:\/\/www.immorentings.com\/fr\/qui-sommes-nous\/#breadcrumb"},"inLanguage":"fr-FR","potentialAction":[{"@type":"ReadAction","target":["https:\/\/www.immorentings.com\/fr\/qui-sommes-nous\/"]}]},{"@type":"ImageObject","inLanguage":"fr-FR","@id":"https:\/\/www.immorentings.com\/fr\/qui-sommes-nous\/#primaryimage","url":"https:\/\/www.immorentings.com\/wp-content\/uploads\/2026\/02\/vols_vendre_cuadrado.webp","contentUrl":"https:\/\/www.immorentings.com\/wp-content\/uploads\/2026\/02\/vols_vendre_cuadrado.webp"},{"@type":"BreadcrumbList","@id":"https:\/\/www.immorentings.com\/fr\/qui-sommes-nous\/#breadcrumb","itemListElement":[{"@type":"ListItem","position":1,"name":"Portada","item":"https:\/\/www.immorentings.com\/fr\/page-daccueil\/"},{"@type":"ListItem","position":2,"name":"Qui sommes-nous"}]},{"@type":"WebSite","@id":"https:\/\/www.immorentings.com\/fr\/#website","url":"https:\/\/www.immorentings.com\/fr\/","name":"Immorentings","description":"","potentialAction":[{"@type":"SearchAction","target":{"@type":"EntryPoint","urlTemplate":"https:\/\/www.immorentings.com\/fr\/?s={search_term_string}"},"query-input":{"@type":"PropertyValueSpecification","valueRequired":true,"valueName":"search_term_string"}}],"inLanguage":"fr-FR"}]}},"_links":{"self":[{"href":"https:\/\/www.immorentings.com\/fr\/wp-json\/wp\/v2\/pages\/1801","targetHints":{"allow":["GET"]}}],"collection":[{"href":"https:\/\/www.immorentings.com\/fr\/wp-json\/wp\/v2\/pages"}],"about":[{"href":"https:\/\/www.immorentings.com\/fr\/wp-json\/wp\/v2\/types\/page"}],"author":[{"embeddable":true,"href":"https:\/\/www.immorentings.com\/fr\/wp-json\/wp\/v2\/users\/2"}],"replies":[{"embeddable":true,"href":"https:\/\/www.immorentings.com\/fr\/wp-json\/wp\/v2\/comments?post=1801"}],"version-history":[{"count":1,"href":"https:\/\/www.immorentings.com\/fr\/wp-json\/wp\/v2\/pages\/1801\/revisions"}],"predecessor-version":[{"id":1802,"href":"https:\/\/www.immorentings.com\/fr\/wp-json\/wp\/v2\/pages\/1801\/revisions\/1802"}],"wp:attachment":[{"href":"https:\/\/www.immorentings.com\/fr\/wp-json\/wp\/v2\/media?parent=1801"}],"curies":[{"name":"wp","href":"https:\/\/api.w.org\/{rel}","templated":true}]}}