{"id":1817,"date":"2026-02-17T11:59:41","date_gmt":"2026-02-17T10:59:41","guid":{"rendered":"https:\/\/www.immorentings.com\/vendre-un-bien-immobilier\/"},"modified":"2026-03-05T14:43:59","modified_gmt":"2026-03-05T13:43:59","slug":"vendre-un-bien-immobilier","status":"publish","type":"page","link":"https:\/\/www.immorentings.com\/fr\/vendre-un-bien-immobilier\/","title":{"rendered":"Vendre un bien immobilier"},"content":{"rendered":"\t\t<div data-elementor-type=\"wp-page\" data-elementor-id=\"1817\" class=\"elementor elementor-1817 elementor-876\" data-elementor-post-type=\"page\">\n\t\t\t\t<div class=\"elementor-element elementor-element-253ae6e e-flex e-con-boxed e-con e-parent\" data-id=\"253ae6e\" data-element_type=\"container\" data-e-type=\"container\" data-settings=\"{&quot;background_background&quot;:&quot;classic&quot;}\">\n\t\t\t\t\t<div class=\"e-con-inner\">\n\t\t\t\t<div class=\"elementor-element elementor-element-9f4b99a elementor-widget elementor-widget-gva-heading-block\" data-id=\"9f4b99a\" data-element_type=\"widget\" data-e-type=\"widget\" data-widget_type=\"gva-heading-block.default\">\n\t\t\t\t<div class=\"elementor-widget-container\">\n\t\t\t\t\t<div class=\"gva-element-gva-heading-block gva-element\">\r\n   <div class=\"align-center style-1 widget gsc-heading box-align-left auto-responsive\">\r\n      \r\n      <div class=\"content-inner\">\r\n                  \r\n           \r\n         \r\n                     <h1 class=\"title\">\r\n               <span>Vendre un bien immobilier<\/span>\r\n            <\/h1>\r\n                  \r\n                     <div class=\"title-desc\">Vendre un bien immobilier est une d\u00e9cision importante. Chez Immorentings, nous vous accompagnons \u00e0 chaque \u00e9tape : de l\u2019estimation initiale \u00e0 la signature de l\u2019acte de vente. Nous analysons le march\u00e9, d\u00e9finissons la meilleure strat\u00e9gie de prix et de marketing, et g\u00e9rons chaque d\u00e9tail pour que vous puissiez vendre en toute s\u00e9r\u00e9nit\u00e9, en toute s\u00e9curit\u00e9 et aux meilleures conditions. Laissez-nous vos coordonn\u00e9es et nous vous fournirons des conseils personnalis\u00e9s.   <\/div>\r\n         \r\n               <\/div>\r\n\r\n   <\/div>\r\n\r\n<\/div>\t\t\t\t<\/div>\n\t\t\t\t<\/div>\n\t\t\t\t<div class=\"elementor-element elementor-element-e0c58ac text-center elementor-widget elementor-widget-shortcode\" data-id=\"e0c58ac\" data-element_type=\"widget\" data-e-type=\"widget\" data-widget_type=\"shortcode.default\">\n\t\t\t\t\t\t\t<div class=\"elementor-shortcode\">\n<div class=\"wpcf7 no-js\" id=\"wpcf7-f1850-o1\" lang=\"fr-FR\" dir=\"ltr\" data-wpcf7-id=\"1850\">\n<div class=\"screen-reader-response\"><p role=\"status\" aria-live=\"polite\" aria-atomic=\"true\"><\/p> <ul><\/ul><\/div>\n<form action=\"\/fr\/wp-json\/wp\/v2\/pages\/1817#wpcf7-f1850-o1\" method=\"post\" class=\"wpcf7-form init\" aria-label=\"Formulaire de contact\" novalidate=\"novalidate\" data-status=\"init\">\n<fieldset class=\"hidden-fields-container\"><input type=\"hidden\" name=\"_wpcf7\" value=\"1850\" \/><input type=\"hidden\" name=\"_wpcf7_version\" value=\"6.1.5\" \/><input type=\"hidden\" name=\"_wpcf7_locale\" value=\"fr_FR\" \/><input type=\"hidden\" name=\"_wpcf7_unit_tag\" value=\"wpcf7-f1850-o1\" \/><input type=\"hidden\" name=\"_wpcf7_container_post\" value=\"0\" \/><input type=\"hidden\" name=\"_wpcf7_posted_data_hash\" value=\"\" \/><input type=\"hidden\" name=\"_wpcf7_recaptcha_response\" value=\"\" \/>\n<\/fieldset>\n<div class=\"row\">\n   <div class=\"col-sm-6 col-xs-12\">\n <span class=\"wpcf7-form-control-wrap\" data-name=\"your-name\"><input size=\"40\" maxlength=\"400\" class=\"wpcf7-form-control wpcf7-text wpcf7-validates-as-required\" aria-required=\"true\" aria-invalid=\"false\" placeholder=\"Nom\" value=\"\" type=\"text\" name=\"your-name\" \/><\/span>\n   <\/div>\n   <div class=\"col-sm-6 col-xs-12\">\n <span class=\"wpcf7-form-control-wrap\" data-name=\"your-phone\"><input size=\"40\" maxlength=\"400\" class=\"wpcf7-form-control wpcf7-tel wpcf7-validates-as-required wpcf7-text wpcf7-validates-as-tel\" aria-required=\"true\" aria-invalid=\"false\" placeholder=\"T\u00e9l\u00e9phone\" value=\"\" type=\"tel\" name=\"your-phone\" \/><\/span>\n   <\/div>\n<\/div>\n<div class=\"row\">\n   <div class=\"col-sm-6 col-xs-12\">\n <span class=\"wpcf7-form-control-wrap\" data-name=\"your-email\"><input size=\"40\" maxlength=\"400\" class=\"wpcf7-form-control wpcf7-email wpcf7-validates-as-required wpcf7-text wpcf7-validates-as-email\" aria-required=\"true\" aria-invalid=\"false\" placeholder=\"E-mail\" value=\"\" type=\"email\" name=\"your-email\" \/><\/span>\n   <\/div>\n   <div class=\"col-sm-6 col-xs-12\">\n <span class=\"wpcf7-form-control-wrap\" data-name=\"your-property\"><input size=\"40\" maxlength=\"400\" class=\"wpcf7-form-control wpcf7-text wpcf7-validates-as-required\" aria-required=\"true\" aria-invalid=\"false\" placeholder=\"Type de propri\u00e9t\u00e9\" value=\"\" type=\"text\" name=\"your-property\" \/><\/span>\n   <\/div>\n<\/div>\n<div class=\"row\">\n   <div class=\"col-sm-12 col-xs-12\">\n <span class=\"wpcf7-form-control-wrap\" data-name=\"your-message\"><textarea cols=\"40\" rows=\"10\" maxlength=\"2000\" class=\"wpcf7-form-control wpcf7-textarea wpcf7-validates-as-required\" aria-required=\"true\" aria-invalid=\"false\" placeholder=\"&lt;br&gt;Expliquez-nous pourquoi vous souhaitez vendre ce bien et tout ce que nous devons savoir \u00e0 son sujet.\" name=\"your-message\"><\/textarea><\/span>\n   <\/div>\n   <div class=\"col-sm-12 col-xs-12\">\n      <span class=\"wpcf7-form-control-wrap\" data-name=\"acceptance-339\"><span class=\"wpcf7-form-control wpcf7-acceptance\"><span class=\"wpcf7-list-item\"><label><input type=\"checkbox\" name=\"acceptance-339\" value=\"1\" aria-invalid=\"false\" \/><span class=\"wpcf7-list-item-label\">J'ai lu et j'accepte la <a href=\"\/politica-de-privacidad\">politique de confidentialit\u00e9.<\/a><\/span><\/label><\/span><\/span><\/span>\n   <\/div>\n   <div class=\"col-sm-12 col-xs-12 action text-left\"><span class=\"form-action\"><input class=\"wpcf7-form-control wpcf7-submit has-spinner\" type=\"submit\" value=\"Envoyer un message\" \/><\/span><\/div>\n<\/div><div class=\"wpcf7-response-output\" aria-hidden=\"true\"><\/div>\n<\/form>\n<\/div>\n<\/div>\n\t\t\t\t\t\t<\/div>\n\t\t\t\t\t<\/div>\n\t\t\t\t<\/div>\n\t\t\t\t<\/div>\n\t\t","protected":false},"excerpt":{"rendered":"<p>Vendre un bien immobilier Vendre un bien immobilier est une d\u00e9cision importante. Chez Immorentings, nous vous accompagnons \u00e0 chaque \u00e9tape : de l\u2019estimation initiale \u00e0 la signature de l\u2019acte de vente. Nous analysons le march\u00e9, d\u00e9finissons la meilleure strat\u00e9gie de prix et de marketing, et g\u00e9rons chaque d\u00e9tail pour que vous puissiez vendre en toute [&hellip;]<\/p>\n","protected":false},"author":2,"featured_media":0,"parent":0,"menu_order":0,"comment_status":"closed","ping_status":"closed","template":"","meta":{"_acf_changed":false,"footnotes":""},"class_list":["post-1817","page","type-page","status-publish","hentry"],"acf":[],"yoast_head":"<!-- This site is optimized with the Yoast SEO plugin v27.4 - https:\/\/yoast.com\/product\/yoast-seo-wordpress\/ -->\n<title>Vendre un bien immobilier - Immorentings<\/title>\n<meta name=\"robots\" content=\"index, follow, max-snippet:-1, max-image-preview:large, max-video-preview:-1\" \/>\n<link rel=\"canonical\" href=\"https:\/\/www.immorentings.com\/fr\/vendre-un-bien-immobilier\/\" \/>\n<meta property=\"og:locale\" content=\"fr_FR\" \/>\n<meta property=\"og:type\" content=\"article\" \/>\n<meta property=\"og:title\" content=\"Vendre un bien immobilier - Immorentings\" \/>\n<meta property=\"og:description\" content=\"Vendre un bien immobilier Vendre un bien immobilier est une d\u00e9cision importante. Chez Immorentings, nous vous accompagnons \u00e0 chaque \u00e9tape : de l\u2019estimation initiale \u00e0 la signature de l\u2019acte de vente. Nous analysons le march\u00e9, d\u00e9finissons la meilleure strat\u00e9gie de prix et de marketing, et g\u00e9rons chaque d\u00e9tail pour que vous puissiez vendre en toute [&hellip;]\" \/>\n<meta property=\"og:url\" content=\"https:\/\/www.immorentings.com\/fr\/vendre-un-bien-immobilier\/\" \/>\n<meta property=\"og:site_name\" content=\"Immorentings\" \/>\n<meta property=\"article:modified_time\" content=\"2026-03-05T13:43:59+00:00\" \/>\n<meta name=\"twitter:card\" content=\"summary_large_image\" \/>\n<script type=\"application\/ld+json\" class=\"yoast-schema-graph\">{\"@context\":\"https:\\\/\\\/schema.org\",\"@graph\":[{\"@type\":\"WebPage\",\"@id\":\"https:\\\/\\\/www.immorentings.com\\\/fr\\\/vendre-un-bien-immobilier\\\/\",\"url\":\"https:\\\/\\\/www.immorentings.com\\\/fr\\\/vendre-un-bien-immobilier\\\/\",\"name\":\"Vendre un bien immobilier - Immorentings\",\"isPartOf\":{\"@id\":\"https:\\\/\\\/www.immorentings.com\\\/fr\\\/#website\"},\"datePublished\":\"2026-02-17T10:59:41+00:00\",\"dateModified\":\"2026-03-05T13:43:59+00:00\",\"breadcrumb\":{\"@id\":\"https:\\\/\\\/www.immorentings.com\\\/fr\\\/vendre-un-bien-immobilier\\\/#breadcrumb\"},\"inLanguage\":\"fr-FR\",\"potentialAction\":[{\"@type\":\"ReadAction\",\"target\":[\"https:\\\/\\\/www.immorentings.com\\\/fr\\\/vendre-un-bien-immobilier\\\/\"]}]},{\"@type\":\"BreadcrumbList\",\"@id\":\"https:\\\/\\\/www.immorentings.com\\\/fr\\\/vendre-un-bien-immobilier\\\/#breadcrumb\",\"itemListElement\":[{\"@type\":\"ListItem\",\"position\":1,\"name\":\"Portada\",\"item\":\"https:\\\/\\\/www.immorentings.com\\\/fr\\\/page-daccueil\\\/\"},{\"@type\":\"ListItem\",\"position\":2,\"name\":\"Vendre un bien immobilier\"}]},{\"@type\":\"WebSite\",\"@id\":\"https:\\\/\\\/www.immorentings.com\\\/fr\\\/#website\",\"url\":\"https:\\\/\\\/www.immorentings.com\\\/fr\\\/\",\"name\":\"Immorentings\",\"description\":\"\",\"potentialAction\":[{\"@type\":\"SearchAction\",\"target\":{\"@type\":\"EntryPoint\",\"urlTemplate\":\"https:\\\/\\\/www.immorentings.com\\\/fr\\\/?s={search_term_string}\"},\"query-input\":{\"@type\":\"PropertyValueSpecification\",\"valueRequired\":true,\"valueName\":\"search_term_string\"}}],\"inLanguage\":\"fr-FR\"}]}<\/script>\n<!-- \/ Yoast SEO plugin. -->","yoast_head_json":{"title":"Vendre un bien immobilier - Immorentings","robots":{"index":"index","follow":"follow","max-snippet":"max-snippet:-1","max-image-preview":"max-image-preview:large","max-video-preview":"max-video-preview:-1"},"canonical":"https:\/\/www.immorentings.com\/fr\/vendre-un-bien-immobilier\/","og_locale":"fr_FR","og_type":"article","og_title":"Vendre un bien immobilier - Immorentings","og_description":"Vendre un bien immobilier Vendre un bien immobilier est une d\u00e9cision importante. Chez Immorentings, nous vous accompagnons \u00e0 chaque \u00e9tape : de l\u2019estimation initiale \u00e0 la signature de l\u2019acte de vente. Nous analysons le march\u00e9, d\u00e9finissons la meilleure strat\u00e9gie de prix et de marketing, et g\u00e9rons chaque d\u00e9tail pour que vous puissiez vendre en toute [&hellip;]","og_url":"https:\/\/www.immorentings.com\/fr\/vendre-un-bien-immobilier\/","og_site_name":"Immorentings","article_modified_time":"2026-03-05T13:43:59+00:00","twitter_card":"summary_large_image","schema":{"@context":"https:\/\/schema.org","@graph":[{"@type":"WebPage","@id":"https:\/\/www.immorentings.com\/fr\/vendre-un-bien-immobilier\/","url":"https:\/\/www.immorentings.com\/fr\/vendre-un-bien-immobilier\/","name":"Vendre un bien immobilier - Immorentings","isPartOf":{"@id":"https:\/\/www.immorentings.com\/fr\/#website"},"datePublished":"2026-02-17T10:59:41+00:00","dateModified":"2026-03-05T13:43:59+00:00","breadcrumb":{"@id":"https:\/\/www.immorentings.com\/fr\/vendre-un-bien-immobilier\/#breadcrumb"},"inLanguage":"fr-FR","potentialAction":[{"@type":"ReadAction","target":["https:\/\/www.immorentings.com\/fr\/vendre-un-bien-immobilier\/"]}]},{"@type":"BreadcrumbList","@id":"https:\/\/www.immorentings.com\/fr\/vendre-un-bien-immobilier\/#breadcrumb","itemListElement":[{"@type":"ListItem","position":1,"name":"Portada","item":"https:\/\/www.immorentings.com\/fr\/page-daccueil\/"},{"@type":"ListItem","position":2,"name":"Vendre un bien immobilier"}]},{"@type":"WebSite","@id":"https:\/\/www.immorentings.com\/fr\/#website","url":"https:\/\/www.immorentings.com\/fr\/","name":"Immorentings","description":"","potentialAction":[{"@type":"SearchAction","target":{"@type":"EntryPoint","urlTemplate":"https:\/\/www.immorentings.com\/fr\/?s={search_term_string}"},"query-input":{"@type":"PropertyValueSpecification","valueRequired":true,"valueName":"search_term_string"}}],"inLanguage":"fr-FR"}]}},"_links":{"self":[{"href":"https:\/\/www.immorentings.com\/fr\/wp-json\/wp\/v2\/pages\/1817","targetHints":{"allow":["GET"]}}],"collection":[{"href":"https:\/\/www.immorentings.com\/fr\/wp-json\/wp\/v2\/pages"}],"about":[{"href":"https:\/\/www.immorentings.com\/fr\/wp-json\/wp\/v2\/types\/page"}],"author":[{"embeddable":true,"href":"https:\/\/www.immorentings.com\/fr\/wp-json\/wp\/v2\/users\/2"}],"replies":[{"embeddable":true,"href":"https:\/\/www.immorentings.com\/fr\/wp-json\/wp\/v2\/comments?post=1817"}],"version-history":[{"count":1,"href":"https:\/\/www.immorentings.com\/fr\/wp-json\/wp\/v2\/pages\/1817\/revisions"}],"predecessor-version":[{"id":1818,"href":"https:\/\/www.immorentings.com\/fr\/wp-json\/wp\/v2\/pages\/1817\/revisions\/1818"}],"wp:attachment":[{"href":"https:\/\/www.immorentings.com\/fr\/wp-json\/wp\/v2\/media?parent=1817"}],"curies":[{"name":"wp","href":"https:\/\/api.w.org\/{rel}","templated":true}]}}